{"id":1015,"date":"2020-11-30T18:05:43","date_gmt":"2020-11-30T17:05:43","guid":{"rendered":"http:\/\/jlcommunication.ovh\/rosati\/?page_id=1015"},"modified":"2020-12-03T10:29:36","modified_gmt":"2020-12-03T09:29:36","slug":"realisation-de-murs-de-soutenement","status":"publish","type":"page","link":"http:\/\/jlcommunication.ovh\/rosati\/realisation-de-murs-de-soutenement\/","title":{"rendered":"R\u00e9alisation de murs de sout\u00e8nement"},"content":{"rendered":"\t\t<div data-elementor-type=\"wp-page\" data-elementor-id=\"1015\" class=\"elementor elementor-1015\" data-elementor-settings=\"[]\">\n\t\t\t\t\t\t<div class=\"elementor-inner\">\n\t\t\t\t\t\t\t<div class=\"elementor-section-wrap\">\n\t\t\t\t\t\t\t<section class=\"elementor-section elementor-top-section elementor-element elementor-element-185e1488 elementor-section-full_width elementor-section-height-default elementor-section-height-default\" data-id=\"185e1488\" data-element_type=\"section\">\n\t\t\t\t\t\t<div class=\"elementor-container elementor-column-gap-default\">\n\t\t\t\t\t\t\t<div class=\"elementor-row\">\n\t\t\t\t\t<div class=\"elementor-column elementor-col-50 elementor-top-column elementor-element elementor-element-3c6011a3\" data-id=\"3c6011a3\" data-element_type=\"column\" data-settings=\"{&quot;background_background&quot;:&quot;classic&quot;}\">\n\t\t\t<div class=\"elementor-column-wrap\">\n\t\t\t\t\t\t\t<div class=\"elementor-widget-wrap\">\n\t\t\t\t\t\t\t\t<\/div>\n\t\t\t\t\t<\/div>\n\t\t<\/div>\n\t\t\t\t<div class=\"elementor-column elementor-col-50 elementor-top-column elementor-element elementor-element-3d05e19d\" data-id=\"3d05e19d\" data-element_type=\"column\">\n\t\t\t<div class=\"elementor-column-wrap elementor-element-populated\">\n\t\t\t\t\t\t\t<div class=\"elementor-widget-wrap\">\n\t\t\t\t\t\t<div class=\"elementor-element elementor-element-1e2f19b4 elementor-widget elementor-widget-heading bdevs-el heading\" data-id=\"1e2f19b4\" data-element_type=\"widget\" data-settings=\"{&quot;design_style&quot;:&quot;style_1&quot;}\" data-widget_type=\"heading.default\">\n\t\t\t\t<div class=\"elementor-widget-container\">\n\t\t\t\r\n        \r\n        <div class=\"title_style1 position-relative\">\r\n                \r\n                <h2 class=\"section-title shape\">R\u00e9alisation de murs de sout\u00e8nement<span>.<\/span><\/h2>                \r\n                \r\n                        <\/div>\r\n        \r\n        \r\n        \t\t<\/div>\n\t\t\t\t<\/div>\n\t\t\t\t<div class=\"elementor-element elementor-element-788ed209 elementor-widget elementor-widget-text-editor\" data-id=\"788ed209\" data-element_type=\"widget\" data-widget_type=\"text-editor.default\">\n\t\t\t\t<div class=\"elementor-widget-container\">\n\t\t\t\t\t<div class=\"elementor-text-editor elementor-clearfix\"><p><span class=\"TextRun SCXW72046170 BCX9\" lang=\"FR-FR\" xml:lang=\"FR-FR\" data-contrast=\"auto\"><span class=\"NormalTextRun SCXW72046170 BCX9\">Habillez vos\u00a0<\/span><\/span><span class=\"TextRun SCXW72046170 BCX9\" lang=\"FR-FR\" xml:lang=\"FR-FR\" data-contrast=\"auto\"><span class=\"NormalTextRun SCXW72046170 BCX9\">ext\u00e9rieurs<\/span><\/span><span class=\"TextRun SCXW72046170 BCX9\" lang=\"FR-FR\" xml:lang=\"FR-FR\" data-contrast=\"auto\"><span class=\"NormalTextRun SCXW72046170 BCX9\">\u00a0dans la r\u00e9alisation de vos murs de sout\u00e8nement, apportant structure et volume \u00e0 votre environnement.\u00a0<\/span><\/span><span class=\"TextRun SCXW72046170 BCX9\" lang=\"FR-FR\" xml:lang=\"FR-FR\" data-contrast=\"auto\"><span class=\"NormalTextRun SCXW72046170 BCX9\">Avec comme fonction principal d\u2019\u00e9viter les glissements de terrain, notre \u00e9quipe vous propose plusieurs types de murs de sout\u00e8nement.<\/span><\/span><span class=\"EOP SCXW72046170 BCX9\" data-ccp-props=\"{}\">\u00a0<\/span><\/p><\/div>\n\t\t\t\t<\/div>\n\t\t\t\t<\/div>\n\t\t\t\t\t\t<\/div>\n\t\t\t\t\t<\/div>\n\t\t<\/div>\n\t\t\t\t\t\t\t\t<\/div>\n\t\t\t\t\t<\/div>\n\t\t<\/section>\n\t\t\t\t<section class=\"elementor-section elementor-top-section elementor-element elementor-element-f7e428e elementor-section-full_width elementor-section-height-default elementor-section-height-default\" data-id=\"f7e428e\" data-element_type=\"section\">\n\t\t\t\t\t\t<div class=\"elementor-container elementor-column-gap-default\">\n\t\t\t\t\t\t\t<div class=\"elementor-row\">\n\t\t\t\t\t<div class=\"elementor-column elementor-col-50 elementor-top-column elementor-element elementor-element-9732942\" data-id=\"9732942\" data-element_type=\"column\">\n\t\t\t<div class=\"elementor-column-wrap elementor-element-populated\">\n\t\t\t\t\t\t\t<div class=\"elementor-widget-wrap\">\n\t\t\t\t\t\t<div class=\"elementor-element elementor-element-55cfdd6 elementor-widget elementor-widget-heading bdevs-el heading\" data-id=\"55cfdd6\" data-element_type=\"widget\" data-settings=\"{&quot;design_style&quot;:&quot;style_1&quot;}\" data-widget_type=\"heading.default\">\n\t\t\t\t<div class=\"elementor-widget-container\">\n\t\t\t\r\n        \r\n        <div class=\"title_style1 position-relative\">\r\n                \r\n                <h2 class=\"section-title shape\">Ma\u00e7onnerie<span>.<\/span><\/h2>                \r\n                \r\n                        <\/div>\r\n        \r\n        \r\n        \t\t<\/div>\n\t\t\t\t<\/div>\n\t\t\t\t<div class=\"elementor-element elementor-element-1eb31db elementor-widget elementor-widget-text-editor\" data-id=\"1eb31db\" data-element_type=\"widget\" data-widget_type=\"text-editor.default\">\n\t\t\t\t<div class=\"elementor-widget-container\">\n\t\t\t\t\t<div class=\"elementor-text-editor elementor-clearfix\"><p><span data-contrast=\"auto\">Le mur de sout\u00e8nement dit \u00ab\u202fpoids\u202f\u00bb ayant pour but d\u2019opposer son poids contre la terre \u00e0 retenir.<\/span>\u00a0<br \/><span data-contrast=\"auto\">Le mur de sout\u00e8nement en gabions ayant comme apparence une cage remplie de cailloux et permettant \u00e0 l\u2019eau de passer facilement en cas d\u2019intemp\u00e9rie.<\/span><span data-ccp-props=\"{}\">\u00a0<\/span><\/p><p><span data-contrast=\"auto\">Le mur de sout\u00e8nement en pierres s\u00e8ches apportant un c\u00f4t\u00e9 esth\u00e9tique \u00e0 l\u2019environnement<\/span><span data-ccp-props=\"{}\">\u00a0<\/span><\/p><p><span data-contrast=\"auto\">Le mur de sout\u00e8nement dit auto stable, \u00e0 base de b\u00e9ton arm\u00e9 ou en parpaings, utilisant le poids de la terre pour se stabiliser.<\/span><span data-ccp-props=\"{}\">\u00a0<\/span><\/p><p><span data-contrast=\"auto\">Nos experts en ma\u00e7onnerie se tiennent \u00e0 votre disposition pour venir jusqu\u2019\u00e0 vous et analyser la future zone de travaux, nous permettant de r\u00e9aliser un devis sur-mesure et pr\u00e9cis.\u00a0<\/span>\u00a0<\/p><p><span data-contrast=\"auto\">Nous vous invitons \u00e0 prendre contact d\u00e8s maintenant par t\u00e9l\u00e9phone au 04 75 54 52 75 ou par email \u00e0\u00a0<\/span><a href=\"mailto:contact@ets-rosati.fr\"><span data-contrast=\"none\">contact@ets-rosati.fr<\/span><\/a><span data-contrast=\"auto\">\u00a0pour pr\u00e9voir une date et commencer votre projet de travaux.<\/span>\u00a0<\/p><\/div>\n\t\t\t\t<\/div>\n\t\t\t\t<\/div>\n\t\t\t\t\t\t<\/div>\n\t\t\t\t\t<\/div>\n\t\t<\/div>\n\t\t\t\t<div class=\"elementor-column elementor-col-50 elementor-top-column elementor-element elementor-element-7598614\" data-id=\"7598614\" data-element_type=\"column\" data-settings=\"{&quot;background_background&quot;:&quot;classic&quot;}\">\n\t\t\t<div class=\"elementor-column-wrap\">\n\t\t\t\t\t\t\t<div class=\"elementor-widget-wrap\">\n\t\t\t\t\t\t\t\t<\/div>\n\t\t\t\t\t<\/div>\n\t\t<\/div>\n\t\t\t\t\t\t\t\t<\/div>\n\t\t\t\t\t<\/div>\n\t\t<\/section>\n\t\t\t\t<section class=\"elementor-section elementor-top-section elementor-element elementor-element-ab00f02 elementor-section-boxed elementor-section-height-default elementor-section-height-default\" data-id=\"ab00f02\" data-element_type=\"section\" data-settings=\"{&quot;background_background&quot;:&quot;classic&quot;}\">\n\t\t\t\t\t\t<div class=\"elementor-container elementor-column-gap-default\">\n\t\t\t\t\t\t\t<div class=\"elementor-row\">\n\t\t\t\t\t<div class=\"elementor-column elementor-col-100 elementor-top-column elementor-element elementor-element-c770b39\" data-id=\"c770b39\" data-element_type=\"column\">\n\t\t\t<div class=\"elementor-column-wrap elementor-element-populated\">\n\t\t\t\t\t\t\t<div class=\"elementor-widget-wrap\">\n\t\t\t\t\t\t<div class=\"elementor-element elementor-element-534bbbc elementor-widget elementor-widget-heading bdevs-el heading\" data-id=\"534bbbc\" data-element_type=\"widget\" data-settings=\"{&quot;design_style&quot;:&quot;style_1&quot;}\" data-widget_type=\"heading.default\">\n\t\t\t\t<div class=\"elementor-widget-container\">\n\t\t\t\r\n        \r\n        <div class=\"title_style1 position-relative\">\r\n                \r\n                <h2 class=\"section-title shape\">Prenons rendez-vous<span>.<\/span><\/h2>                \r\n                \r\n                        <\/div>\r\n        \r\n        \r\n        \t\t<\/div>\n\t\t\t\t<\/div>\n\t\t\t\t<div class=\"elementor-element elementor-element-b146c63 elementor-widget elementor-widget-text-editor\" data-id=\"b146c63\" data-element_type=\"widget\" data-widget_type=\"text-editor.default\">\n\t\t\t\t<div class=\"elementor-widget-container\">\n\t\t\t\t\t<div class=\"elementor-text-editor elementor-clearfix\"><p>Demandez d\u00e8s maintenant un rendez-vous avec l\u2019un de nos experts \u00e0 votre domicile ou simplement un devis personnalis\u00e9 en nous contactant au 04 75 54 52 75 ou par email \u00e0\u00a0<a href=\"mailto:contact@ets-rosati.fr\" target=\"_blank\" rel=\"noreferrer noopener\"><span lang=\"FR-FR\" xml:lang=\"FR-FR\" data-contrast=\"none\">contact@ets-rosati.fr<\/span><\/a>\u00a0<\/p><\/div>\n\t\t\t\t<\/div>\n\t\t\t\t<\/div>\n\t\t\t\t<section class=\"elementor-section elementor-inner-section elementor-element elementor-element-72a866e elementor-section-boxed elementor-section-height-default elementor-section-height-default\" data-id=\"72a866e\" data-element_type=\"section\">\n\t\t\t\t\t\t<div class=\"elementor-container elementor-column-gap-default\">\n\t\t\t\t\t\t\t<div class=\"elementor-row\">\n\t\t\t\t\t<div class=\"elementor-column elementor-col-50 elementor-inner-column elementor-element elementor-element-4c1950d\" data-id=\"4c1950d\" data-element_type=\"column\">\n\t\t\t<div class=\"elementor-column-wrap elementor-element-populated\">\n\t\t\t\t\t\t\t<div class=\"elementor-widget-wrap\">\n\t\t\t\t\t\t<div class=\"elementor-element elementor-element-926e2a0 elementor-widget elementor-widget-cf7 bdevs-el cf7\" data-id=\"926e2a0\" data-element_type=\"widget\" data-settings=\"{&quot;design_style&quot;:&quot;style_1&quot;}\" data-widget_type=\"cf7.default\">\n\t\t\t\t<div class=\"elementor-widget-container\">\n\t\t\t        \r\n        <div class=\"contact_page1\">\r\n            <div class=\"counter1__wrapper position-relative\">\r\n                <div class=\"container\">\r\n                    <div class=\"row\">\r\n                        <div class=\"col-lg-12\">\r\n                            <div class=\"contact_page1__form\">\r\n                                <div role=\"form\" class=\"wpcf7\" id=\"wpcf7-f681-o1\" lang=\"en-US\" dir=\"ltr\">\n<div class=\"screen-reader-response\"><p role=\"status\" aria-live=\"polite\" aria-atomic=\"true\"><\/p> <ul><\/ul><\/div>\n<form action=\"\/rosati\/wp-json\/wp\/v2\/pages\/1015#wpcf7-f681-o1\" method=\"post\" class=\"wpcf7-form init bdevs-cf7-form\" novalidate=\"novalidate\" data-status=\"init\">\n<div style=\"display: none;\">\n<input type=\"hidden\" name=\"_wpcf7\" value=\"681\" \/>\n<input type=\"hidden\" name=\"_wpcf7_version\" value=\"5.3\" \/>\n<input type=\"hidden\" name=\"_wpcf7_locale\" value=\"en_US\" \/>\n<input type=\"hidden\" name=\"_wpcf7_unit_tag\" value=\"wpcf7-f681-o1\" \/>\n<input type=\"hidden\" name=\"_wpcf7_container_post\" value=\"0\" \/>\n<input type=\"hidden\" name=\"_wpcf7_posted_data_hash\" value=\"\" \/>\n<\/div>\n<div class=\"row mb-30\">\n<div class=\"col-xl-6\">\n<div class=\"contact_page1__item\"><span class=\"wpcf7-form-control-wrap text-190\"><input type=\"text\" name=\"text-190\" value=\"\" size=\"40\" class=\"wpcf7-form-control wpcf7-text form-control\" aria-invalid=\"false\" placeholder=\"Entrer votre nom\" \/><\/span><i class=\"far fa-user\"><\/i><\/div>\n<\/div>\n<div class=\"col-xl-6\">\n<div class=\"contact_page1__item\"><span class=\"wpcf7-form-control-wrap y-email\"><input type=\"email\" name=\"y-email\" value=\"\" size=\"40\" class=\"wpcf7-form-control wpcf7-text wpcf7-email wpcf7-validates-as-email form-control\" aria-invalid=\"false\" placeholder=\"Entrer vos coordonn\u00e9es\" \/><\/span><i class=\"far fa-envelope\"><\/i><\/div>\n<\/div>\n<div class=\"col-xl-12 text-center\">\n<div class=\"contact_page1__item contact_page1__textarea\"><span class=\"wpcf7-form-control-wrap y-message\"><textarea name=\"y-message\" cols=\"40\" rows=\"10\" class=\"wpcf7-form-control wpcf7-textarea form-control\" aria-invalid=\"false\" placeholder=\"Entrer votre demande\"><\/textarea><\/span><i class=\"far fa-edit\"><\/i><\/div>\n<p><input type=\"submit\" value=\"Envoyer\" class=\"wpcf7-form-control wpcf7-submit site__btn1\" \/><\/p><\/div>\n<\/div>\n<div class=\"wpcf7-response-output\" aria-hidden=\"true\"><\/div><\/form><\/div> \r\n                            <\/div>\r\n                        <\/div>\r\n                    <\/div>\r\n                <\/div>\r\n            <\/div>\r\n        <\/div>\r\n\r\n          \r\n\r\n            \r\n\r\n        \t\t<\/div>\n\t\t\t\t<\/div>\n\t\t\t\t\t\t<\/div>\n\t\t\t\t\t<\/div>\n\t\t<\/div>\n\t\t\t\t<div class=\"elementor-column elementor-col-50 elementor-inner-column elementor-element elementor-element-db3725c\" data-id=\"db3725c\" data-element_type=\"column\" data-settings=\"{&quot;background_background&quot;:&quot;classic&quot;}\">\n\t\t\t<div class=\"elementor-column-wrap\">\n\t\t\t\t\t\t\t<div class=\"elementor-widget-wrap\">\n\t\t\t\t\t\t\t\t<\/div>\n\t\t\t\t\t<\/div>\n\t\t<\/div>\n\t\t\t\t\t\t\t\t<\/div>\n\t\t\t\t\t<\/div>\n\t\t<\/section>\n\t\t\t\t\t\t<\/div>\n\t\t\t\t\t<\/div>\n\t\t<\/div>\n\t\t\t\t\t\t\t\t<\/div>\n\t\t\t\t\t<\/div>\n\t\t<\/section>\n\t\t\t\t<section class=\"elementor-section elementor-top-section elementor-element elementor-element-a0fd45a elementor-section-boxed elementor-section-height-default elementor-section-height-default\" data-id=\"a0fd45a\" data-element_type=\"section\">\n\t\t\t\t\t\t<div class=\"elementor-container elementor-column-gap-default\">\n\t\t\t\t\t\t\t<div class=\"elementor-row\">\n\t\t\t\t\t<div class=\"elementor-column elementor-col-100 elementor-top-column elementor-element elementor-element-eb86d83\" data-id=\"eb86d83\" data-element_type=\"column\">\n\t\t\t<div class=\"elementor-column-wrap elementor-element-populated\">\n\t\t\t\t\t\t\t<div class=\"elementor-widget-wrap\">\n\t\t\t\t\t\t<div class=\"elementor-element elementor-element-e34e935 elementor-widget elementor-widget-gallery\" data-id=\"e34e935\" data-element_type=\"widget\" data-settings=\"{&quot;gap&quot;:{&quot;unit&quot;:&quot;px&quot;,&quot;size&quot;:4,&quot;sizes&quot;:[]},&quot;aspect_ratio&quot;:&quot;1:1&quot;,&quot;lazyload&quot;:&quot;yes&quot;,&quot;gallery_layout&quot;:&quot;grid&quot;,&quot;columns&quot;:4,&quot;columns_tablet&quot;:2,&quot;columns_mobile&quot;:1,&quot;gap_tablet&quot;:{&quot;unit&quot;:&quot;px&quot;,&quot;size&quot;:10,&quot;sizes&quot;:[]},&quot;gap_mobile&quot;:{&quot;unit&quot;:&quot;px&quot;,&quot;size&quot;:10,&quot;sizes&quot;:[]},&quot;overlay_background&quot;:&quot;yes&quot;,&quot;content_hover_animation&quot;:&quot;fade-in&quot;}\" data-widget_type=\"gallery.default\">\n\t\t\t\t<div class=\"elementor-widget-container\">\n\t\t\t\t\t<div class=\"elementor-gallery__container\">\n\t\t\t\t\t\t\t<div class=\"e-gallery-item elementor-gallery-item elementor-animated-content\">\n\t\t\t\t\t<div class=\"e-gallery-image elementor-gallery-item__image\" data-thumbnail=\"http:\/\/jlcommunication.ovh\/rosati\/wp-content\/uploads\/2020\/12\/mur-porteur-2-1-scaled.jpg\" data-width=\"1920\" data-height=\"2560\" alt=\"\" ><\/div>\n\t\t\t\t\t\t\t\t\t\t<div class=\"elementor-gallery-item__overlay\"><\/div>\n\t\t\t\t\t\t\t\t\t\t\t\t\t\t<\/div>\n\t\t\t\t\t\t\t<div class=\"e-gallery-item elementor-gallery-item elementor-animated-content\">\n\t\t\t\t\t<div class=\"e-gallery-image elementor-gallery-item__image\" data-thumbnail=\"http:\/\/jlcommunication.ovh\/rosati\/wp-content\/uploads\/2020\/11\/121814174_1054199035022775_6742538675275603438_o.jpg\" data-width=\"1368\" data-height=\"1824\" alt=\"\" ><\/div>\n\t\t\t\t\t\t\t\t\t\t<div class=\"elementor-gallery-item__overlay\"><\/div>\n\t\t\t\t\t\t\t\t\t\t\t\t\t\t<\/div>\n\t\t\t\t\t\t\t<div class=\"e-gallery-item elementor-gallery-item elementor-animated-content\">\n\t\t\t\t\t<div class=\"e-gallery-image elementor-gallery-item__image\" data-thumbnail=\"http:\/\/jlcommunication.ovh\/rosati\/wp-content\/uploads\/2020\/11\/121810368_1054198998356112_3803066794635853867_o.jpg\" data-width=\"1824\" data-height=\"1368\" alt=\"\" ><\/div>\n\t\t\t\t\t\t\t\t\t\t<div class=\"elementor-gallery-item__overlay\"><\/div>\n\t\t\t\t\t\t\t\t\t\t\t\t\t\t<\/div>\n\t\t\t\t\t\t\t<div class=\"e-gallery-item elementor-gallery-item elementor-animated-content\">\n\t\t\t\t\t<div class=\"e-gallery-image elementor-gallery-item__image\" data-thumbnail=\"http:\/\/jlcommunication.ovh\/rosati\/wp-content\/uploads\/2020\/11\/121802581_1054198941689451_2316004222241749936_o.jpg\" data-width=\"1368\" data-height=\"1824\" alt=\"\" ><\/div>\n\t\t\t\t\t\t\t\t\t\t<div class=\"elementor-gallery-item__overlay\"><\/div>\n\t\t\t\t\t\t\t\t\t\t\t\t\t\t<\/div>\n\t\t\t\t\t<\/div>\n\t\t\t<\/div>\n\t\t\t\t<\/div>\n\t\t\t\t\t\t<\/div>\n\t\t\t\t\t<\/div>\n\t\t<\/div>\n\t\t\t\t\t\t\t\t<\/div>\n\t\t\t\t\t<\/div>\n\t\t<\/section>\n\t\t\t\t\t\t<\/div>\n\t\t\t\t\t\t<\/div>\n\t\t\t\t\t<\/div>\n\t\t","protected":false},"excerpt":{"rendered":"<p>R\u00e9alisation de murs de sout\u00e8nement. Habillez vos\u00a0ext\u00e9rieurs\u00a0dans la r\u00e9alisation de vos murs de sout\u00e8nement, apportant structure et volume \u00e0 votre environnement.\u00a0Avec comme fonction principal d\u2019\u00e9viter les glissements de terrain, notre \u00e9quipe vous propose plusieurs types de murs de sout\u00e8nement.\u00a0 Ma\u00e7onnerie. Le mur de sout\u00e8nement dit \u00ab\u202fpoids\u202f\u00bb ayant pour but d\u2019opposer son poids contre la terre [&hellip;]<\/p>\n","protected":false},"author":1,"featured_media":0,"parent":0,"menu_order":0,"comment_status":"closed","ping_status":"closed","template":"elementor_header_footer","meta":[],"_links":{"self":[{"href":"http:\/\/jlcommunication.ovh\/rosati\/wp-json\/wp\/v2\/pages\/1015"}],"collection":[{"href":"http:\/\/jlcommunication.ovh\/rosati\/wp-json\/wp\/v2\/pages"}],"about":[{"href":"http:\/\/jlcommunication.ovh\/rosati\/wp-json\/wp\/v2\/types\/page"}],"author":[{"embeddable":true,"href":"http:\/\/jlcommunication.ovh\/rosati\/wp-json\/wp\/v2\/users\/1"}],"replies":[{"embeddable":true,"href":"http:\/\/jlcommunication.ovh\/rosati\/wp-json\/wp\/v2\/comments?post=1015"}],"version-history":[{"count":7,"href":"http:\/\/jlcommunication.ovh\/rosati\/wp-json\/wp\/v2\/pages\/1015\/revisions"}],"predecessor-version":[{"id":1080,"href":"http:\/\/jlcommunication.ovh\/rosati\/wp-json\/wp\/v2\/pages\/1015\/revisions\/1080"}],"wp:attachment":[{"href":"http:\/\/jlcommunication.ovh\/rosati\/wp-json\/wp\/v2\/media?parent=1015"}],"curies":[{"name":"wp","href":"https:\/\/api.w.org\/{rel}","templated":true}]}}