{"id":60,"date":"2020-08-26T05:53:21","date_gmt":"2020-08-26T05:53:21","guid":{"rendered":"https:\/\/www.devsnews.com\/wp\/bildpress\/?page_id=60"},"modified":"2020-11-30T17:06:47","modified_gmt":"2020-11-30T16:06:47","slug":"nos-realisations","status":"publish","type":"page","link":"http:\/\/jlcommunication.ovh\/rosati\/nos-realisations\/","title":{"rendered":"Nos r\u00e9alisations"},"content":{"rendered":"\t\t<div data-elementor-type=\"wp-page\" data-elementor-id=\"60\" class=\"elementor elementor-60\" data-elementor-settings=\"[]\">\n\t\t\t\t\t\t<div class=\"elementor-inner\">\n\t\t\t\t\t\t\t<div class=\"elementor-section-wrap\">\n\t\t\t\t\t\t\t<section class=\"elementor-section elementor-top-section elementor-element elementor-element-350efee3 elementor-section-full_width elementor-section-height-default elementor-section-height-default\" data-id=\"350efee3\" data-element_type=\"section\">\n\t\t\t\t\t\t<div class=\"elementor-container elementor-column-gap-default\">\n\t\t\t\t\t\t\t<div class=\"elementor-row\">\n\t\t\t\t\t<div class=\"elementor-column elementor-col-50 elementor-top-column elementor-element elementor-element-5f3ef10d\" data-id=\"5f3ef10d\" data-element_type=\"column\" data-settings=\"{&quot;background_background&quot;:&quot;classic&quot;}\">\n\t\t\t<div class=\"elementor-column-wrap\">\n\t\t\t\t\t\t\t<div class=\"elementor-widget-wrap\">\n\t\t\t\t\t\t\t\t<\/div>\n\t\t\t\t\t<\/div>\n\t\t<\/div>\n\t\t\t\t<div class=\"elementor-column elementor-col-50 elementor-top-column elementor-element elementor-element-62550b93\" data-id=\"62550b93\" data-element_type=\"column\">\n\t\t\t<div class=\"elementor-column-wrap elementor-element-populated\">\n\t\t\t\t\t\t\t<div class=\"elementor-widget-wrap\">\n\t\t\t\t\t\t<div class=\"elementor-element elementor-element-72ad5757 elementor-widget elementor-widget-heading bdevs-el heading\" data-id=\"72ad5757\" data-element_type=\"widget\" data-settings=\"{&quot;design_style&quot;:&quot;style_1&quot;}\" data-widget_type=\"heading.default\">\n\t\t\t\t<div class=\"elementor-widget-container\">\n\t\t\t\r\n        \r\n        <div class=\"title_style1 position-relative\">\r\n                \r\n                <h2 class=\"section-title shape\">Nos r\u00e9alisations<span>.<\/span><\/h2>                \r\n                \r\n                        <\/div>\r\n        \r\n        \r\n        \t\t<\/div>\n\t\t\t\t<\/div>\n\t\t\t\t<div class=\"elementor-element elementor-element-3999391a elementor-widget elementor-widget-text-editor\" data-id=\"3999391a\" data-element_type=\"widget\" data-widget_type=\"text-editor.default\">\n\t\t\t\t<div class=\"elementor-widget-container\">\n\t\t\t\t\t<div class=\"elementor-text-editor elementor-clearfix\"><p><span class=\"TextRun SCXW139547379 BCX9\" lang=\"FR-FR\" xml:lang=\"FR-FR\" data-contrast=\"auto\"><span class=\"NormalTextRun SCXW139547379 BCX9\">D\u00e9couvrez quelques unes de nos r\u00e9alisations concernant la <strong>r\u00e9novation<\/strong> ou la mise en place de votre <strong>toiture<\/strong>, la <strong>r\u00e9novation<\/strong> <strong>g\u00e9n\u00e9rale<\/strong> de vos biens immobiliers, la <strong>zinguerie<\/strong> de vos <strong>toitures<\/strong> pour <strong>l\u2019\u00e9coulement<\/strong> <strong>des eaux<\/strong> ou pour rendre votre <strong>toiture herm\u00e9tique<\/strong>, l\u2019<strong>isolation globale<\/strong> de vos biens immobiliers, le <strong>dallage<\/strong> de vos\u00a0<\/span><\/span><span class=\"TextRun SCXW139547379 BCX9\" lang=\"FR-FR\" xml:lang=\"FR-FR\" data-contrast=\"auto\"><span class=\"NormalTextRun SCXW139547379 BCX9\">surfaces<\/span><\/span><span class=\"TextRun SCXW139547379 BCX9\" lang=\"FR-FR\" xml:lang=\"FR-FR\" data-contrast=\"auto\"><span class=\"NormalTextRun SCXW139547379 BCX9\">, la transformation de vos <strong>murs en pierres apparentes<\/strong> pour donner un cachet proven\u00e7al, la <strong>ma\u00e7onnerie<\/strong> en g\u00e9n\u00e9ral et la <strong>construction de murs de sout\u00e8nement<\/strong>.<\/span><\/span><span class=\"EOP SCXW139547379 BCX9\" data-ccp-props=\"{}\">\u00a0<\/span><\/p><\/div>\n\t\t\t\t<\/div>\n\t\t\t\t<\/div>\n\t\t\t\t<div class=\"elementor-element elementor-element-e5ec319 elementor-align-center elementor-widget elementor-widget-button\" data-id=\"e5ec319\" data-element_type=\"widget\" data-widget_type=\"button.default\">\n\t\t\t\t<div class=\"elementor-widget-container\">\n\t\t\t\t\t<div class=\"elementor-button-wrapper\">\n\t\t\t<a href=\"#\" class=\"elementor-button-link elementor-button elementor-size-sm\" role=\"button\">\n\t\t\t\t\t\t<span class=\"elementor-button-content-wrapper\">\n\t\t\t\t\t\t<span class=\"elementor-button-text\">Demander un devis GRATUIT<\/span>\n\t\t<\/span>\n\t\t\t\t\t<\/a>\n\t\t<\/div>\n\t\t\t\t<\/div>\n\t\t\t\t<\/div>\n\t\t\t\t\t\t<\/div>\n\t\t\t\t\t<\/div>\n\t\t<\/div>\n\t\t\t\t\t\t\t\t<\/div>\n\t\t\t\t\t<\/div>\n\t\t<\/section>\n\t\t\t\t<section class=\"elementor-section elementor-top-section elementor-element elementor-element-da078eb elementor-section-full_width elementor-section-height-default elementor-section-height-default\" data-id=\"da078eb\" data-element_type=\"section\">\n\t\t\t\t\t\t<div class=\"elementor-container elementor-column-gap-no\">\n\t\t\t\t\t\t\t<div class=\"elementor-row\">\n\t\t\t\t\t<div class=\"elementor-column elementor-col-100 elementor-top-column elementor-element elementor-element-a9ef89b\" data-id=\"a9ef89b\" data-element_type=\"column\">\n\t\t\t<div class=\"elementor-column-wrap elementor-element-populated\">\n\t\t\t\t\t\t\t<div class=\"elementor-widget-wrap\">\n\t\t\t\t\t\t<div class=\"elementor-element elementor-element-5a4868c elementor-widget elementor-widget-project_slider bdevs-el project_slider\" data-id=\"5a4868c\" data-element_type=\"widget\" data-settings=\"{&quot;design_style&quot;:&quot;style_2&quot;,&quot;animation_speed&quot;:300,&quot;autoplay&quot;:&quot;yes&quot;,&quot;autoplay_speed&quot;:3000,&quot;loop&quot;:&quot;yes&quot;,&quot;navigation&quot;:&quot;arrow&quot;}\" data-widget_type=\"project_slider.default\">\n\t\t\t\t<div class=\"elementor-widget-container\">\n\t\t\t\r\n                <section class=\"projects1 other_page2\">\r\n            <div class=\"container\">\r\n                <div class=\"row\">\r\n                       \r\n                    <div class=\"col-lg-6\">\r\n                        <div class=\"projects1__item mb-50\">\r\n                                                        <div class=\"projects1__thumb\">\r\n                                <a class=\"popup-image\" href=\"http:\/\/jlcommunication.ovh\/rosati\/wp-content\/uploads\/2020\/11\/changement-toiture.jpg\"><img src=\"http:\/\/jlcommunication.ovh\/rosati\/wp-content\/uploads\/2020\/11\/changement-toiture.jpg\" alt=\"Project Image\"><\/a>\r\n                            <\/div>\r\n                                                        <div class=\"projects1__content\">\r\n                                 \r\n                                <div class=\"projects1__content--icon\">\r\n                                    <i aria-hidden=\"true\" class=\" flaticon-helmet\"><\/i>                                <\/div>\r\n                                                                <div class=\"projects1__content--text\">\r\n                                    <div class=\"projects1__content--title\">\r\n                                        \r\n                                                                                <h2><a href=\"#\">Changement de toiture<\/a><\/h2>\r\n                                                                            <\/div>\r\n                                                                            <p>Chantier situ\u00e9 \u00e0 Bourg Saint And\u00e9ol<\/p>\r\n                                                                        <div class=\"projects1__content--data\">\r\n                                        \r\n                                          \r\n                                    <\/div>\r\n                                <\/div>\r\n                            <\/div>\r\n                        <\/div>\r\n                    <\/div>\r\n                       \r\n                    <div class=\"col-lg-6\">\r\n                        <div class=\"projects1__item mb-50\">\r\n                                                        <div class=\"projects1__thumb\">\r\n                                <a class=\"popup-image\" href=\"http:\/\/jlcommunication.ovh\/rosati\/wp-content\/uploads\/2020\/11\/murs-en-pierre-apparentes.jpg\"><img src=\"http:\/\/jlcommunication.ovh\/rosati\/wp-content\/uploads\/2020\/11\/murs-en-pierre-apparentes.jpg\" alt=\"Project Image\"><\/a>\r\n                            <\/div>\r\n                                                        <div class=\"projects1__content\">\r\n                                 \r\n                                <div class=\"projects1__content--icon\">\r\n                                    <i aria-hidden=\"true\" class=\" flaticon-saw-machine-3\"><\/i>                                <\/div>\r\n                                                                <div class=\"projects1__content--text\">\r\n                                    <div class=\"projects1__content--title\">\r\n                                        \r\n                                                                                <h2><a href=\"#\">murs en pierre apparentes<\/a><\/h2>\r\n                                                                            <\/div>\r\n                                                                            <p>Chantier situ\u00e9 \u00e0 Bourg Saint Annd\u00e9ol<\/p>\r\n                                                                        <div class=\"projects1__content--data\">\r\n                                        \r\n                                          \r\n                                    <\/div>\r\n                                <\/div>\r\n                            <\/div>\r\n                        <\/div>\r\n                    <\/div>\r\n                       \r\n                    <div class=\"col-lg-6\">\r\n                        <div class=\"projects1__item mb-50\">\r\n                                                        <div class=\"projects1__thumb\">\r\n                                <a class=\"popup-image\" href=\"http:\/\/jlcommunication.ovh\/rosati\/wp-content\/uploads\/2020\/11\/dalle-en-beton-desactive.jpg\"><img src=\"http:\/\/jlcommunication.ovh\/rosati\/wp-content\/uploads\/2020\/11\/dalle-en-beton-desactive.jpg\" alt=\"Project Image\"><\/a>\r\n                            <\/div>\r\n                                                        <div class=\"projects1__content\">\r\n                                 \r\n                                <div class=\"projects1__content--icon\">\r\n                                    <i aria-hidden=\"true\" class=\" flaticon-wrench-and-bolt-tool-with-hammer-outline\"><\/i>                                <\/div>\r\n                                                                <div class=\"projects1__content--text\">\r\n                                    <div class=\"projects1__content--title\">\r\n                                        \r\n                                                                                <h2><a href=\"#\">Dalle en b\u00e9ton d\u00e9sactiv\u00e9<\/a><\/h2>\r\n                                                                            <\/div>\r\n                                                                            <p>Chantier situ\u00e9 \u00e0 ...<\/p>\r\n                                                                        <div class=\"projects1__content--data\">\r\n                                        \r\n                                          \r\n                                    <\/div>\r\n                                <\/div>\r\n                            <\/div>\r\n                        <\/div>\r\n                    <\/div>\r\n                       \r\n                    <div class=\"col-lg-6\">\r\n                        <div class=\"projects1__item mb-50\">\r\n                                                        <div class=\"projects1__thumb\">\r\n                                <a class=\"popup-image\" href=\"http:\/\/jlcommunication.ovh\/rosati\/wp-content\/uploads\/2020\/11\/conception-terrasse-ouverte.jpg\"><img src=\"http:\/\/jlcommunication.ovh\/rosati\/wp-content\/uploads\/2020\/11\/conception-terrasse-ouverte.jpg\" alt=\"Project Image\"><\/a>\r\n                            <\/div>\r\n                                                        <div class=\"projects1__content\">\r\n                                 \r\n                                <div class=\"projects1__content--icon\">\r\n                                    <i aria-hidden=\"true\" class=\" flaticon-repair-tools\"><\/i>                                <\/div>\r\n                                                                <div class=\"projects1__content--text\">\r\n                                    <div class=\"projects1__content--title\">\r\n                                        \r\n                                                                                <h2><a href=\"#\">Conception terrasse ouverte<\/a><\/h2>\r\n                                                                            <\/div>\r\n                                                                            <p>Chantier situ\u00e9 \u00e0 ...<\/p>\r\n                                                                        <div class=\"projects1__content--data\">\r\n                                        \r\n                                          \r\n                                    <\/div>\r\n                                <\/div>\r\n                            <\/div>\r\n                        <\/div>\r\n                    <\/div>\r\n                       \r\n                    <div class=\"col-lg-6\">\r\n                        <div class=\"projects1__item mb-50\">\r\n                                                        <div class=\"projects1__thumb\">\r\n                                <a class=\"popup-image\" href=\"http:\/\/jlcommunication.ovh\/rosati\/wp-content\/uploads\/2020\/11\/etancheite-velux-en-zinc.jpg\"><img src=\"http:\/\/jlcommunication.ovh\/rosati\/wp-content\/uploads\/2020\/11\/etancheite-velux-en-zinc.jpg\" alt=\"Project Image\"><\/a>\r\n                            <\/div>\r\n                                                        <div class=\"projects1__content\">\r\n                                 \r\n                                <div class=\"projects1__content--icon\">\r\n                                    <i aria-hidden=\"true\" class=\" flaticon-helmet\"><\/i>                                <\/div>\r\n                                                                <div class=\"projects1__content--text\">\r\n                                    <div class=\"projects1__content--title\">\r\n                                        \r\n                                                                                <h2><a href=\"#\">etancheite velux en zinc<\/a><\/h2>\r\n                                                                            <\/div>\r\n                                                                        <div class=\"projects1__content--data\">\r\n                                        \r\n                                          \r\n                                    <\/div>\r\n                                <\/div>\r\n                            <\/div>\r\n                        <\/div>\r\n                    <\/div>\r\n                       \r\n                    <div class=\"col-lg-6\">\r\n                        <div class=\"projects1__item mb-50\">\r\n                                                        <div class=\"projects1__thumb\">\r\n                                <a class=\"popup-image\" href=\"http:\/\/jlcommunication.ovh\/rosati\/wp-content\/uploads\/2020\/11\/ouverture-murs-porteurs.jpg\"><img src=\"http:\/\/jlcommunication.ovh\/rosati\/wp-content\/uploads\/2020\/11\/ouverture-murs-porteurs.jpg\" alt=\"Project Image\"><\/a>\r\n                            <\/div>\r\n                                                        <div class=\"projects1__content\">\r\n                                 \r\n                                <div class=\"projects1__content--icon\">\r\n                                    <i aria-hidden=\"true\" class=\" flaticon-repair-tools\"><\/i>                                <\/div>\r\n                                                                <div class=\"projects1__content--text\">\r\n                                    <div class=\"projects1__content--title\">\r\n                                        \r\n                                                                                <h2><a href=\"#\">ouverture murs porteurs<\/a><\/h2>\r\n                                                                            <\/div>\r\n                                                                            <p>Chantier situ\u00e9 \u00e0 ...<\/p>\r\n                                                                        <div class=\"projects1__content--data\">\r\n                                        \r\n                                          \r\n                                    <\/div>\r\n                                <\/div>\r\n                            <\/div>\r\n                        <\/div>\r\n                    <\/div>\r\n                        \r\n                <\/div>\r\n            <\/div>\r\n        <\/section>\r\n\r\n\r\n        \r\n        \t\t<\/div>\n\t\t\t\t<\/div>\n\t\t\t\t\t\t<\/div>\n\t\t\t\t\t<\/div>\n\t\t<\/div>\n\t\t\t\t\t\t\t\t<\/div>\n\t\t\t\t\t<\/div>\n\t\t<\/section>\n\t\t\t\t\t\t<\/div>\n\t\t\t\t\t\t<\/div>\n\t\t\t\t\t<\/div>\n\t\t","protected":false},"excerpt":{"rendered":"<p>Nos r\u00e9alisations. D\u00e9couvrez quelques unes de nos r\u00e9alisations concernant la r\u00e9novation ou la mise en place de votre toiture, la r\u00e9novation g\u00e9n\u00e9rale de vos biens immobiliers, la zinguerie de vos toitures pour l\u2019\u00e9coulement des eaux ou pour rendre votre toiture herm\u00e9tique, l\u2019isolation globale de vos biens immobiliers, le dallage de vos\u00a0surfaces, la transformation de vos [&hellip;]<\/p>\n","protected":false},"author":1,"featured_media":0,"parent":0,"menu_order":0,"comment_status":"closed","ping_status":"closed","template":"elementor_header_footer","meta":[],"_links":{"self":[{"href":"http:\/\/jlcommunication.ovh\/rosati\/wp-json\/wp\/v2\/pages\/60"}],"collection":[{"href":"http:\/\/jlcommunication.ovh\/rosati\/wp-json\/wp\/v2\/pages"}],"about":[{"href":"http:\/\/jlcommunication.ovh\/rosati\/wp-json\/wp\/v2\/types\/page"}],"author":[{"embeddable":true,"href":"http:\/\/jlcommunication.ovh\/rosati\/wp-json\/wp\/v2\/users\/1"}],"replies":[{"embeddable":true,"href":"http:\/\/jlcommunication.ovh\/rosati\/wp-json\/wp\/v2\/comments?post=60"}],"version-history":[{"count":6,"href":"http:\/\/jlcommunication.ovh\/rosati\/wp-json\/wp\/v2\/pages\/60\/revisions"}],"predecessor-version":[{"id":979,"href":"http:\/\/jlcommunication.ovh\/rosati\/wp-json\/wp\/v2\/pages\/60\/revisions\/979"}],"wp:attachment":[{"href":"http:\/\/jlcommunication.ovh\/rosati\/wp-json\/wp\/v2\/media?parent=60"}],"curies":[{"name":"wp","href":"https:\/\/api.w.org\/{rel}","templated":true}]}}