{"id":64,"date":"2020-08-26T05:54:17","date_gmt":"2020-08-26T05:54:17","guid":{"rendered":"https:\/\/www.devsnews.com\/wp\/bildpress\/?page_id=64"},"modified":"2020-11-30T17:09:19","modified_gmt":"2020-11-30T16:09:19","slug":"contact","status":"publish","type":"page","link":"http:\/\/jlcommunication.ovh\/rosati\/contact\/","title":{"rendered":"Contact"},"content":{"rendered":"\t\t<div data-elementor-type=\"wp-page\" data-elementor-id=\"64\" class=\"elementor elementor-64\" data-elementor-settings=\"[]\">\n\t\t\t\t\t\t<div class=\"elementor-inner\">\n\t\t\t\t\t\t\t<div class=\"elementor-section-wrap\">\n\t\t\t\t\t\t\t<section class=\"elementor-section elementor-top-section elementor-element elementor-element-8cd356b elementor-section-full_width elementor-section-height-default elementor-section-height-default\" data-id=\"8cd356b\" data-element_type=\"section\" data-settings=\"{&quot;background_background&quot;:&quot;classic&quot;}\">\n\t\t\t\t\t\t<div class=\"elementor-container elementor-column-gap-no\">\n\t\t\t\t\t\t\t<div class=\"elementor-row\">\n\t\t\t\t\t<div class=\"elementor-column elementor-col-100 elementor-top-column elementor-element elementor-element-495087f\" data-id=\"495087f\" data-element_type=\"column\">\n\t\t\t<div class=\"elementor-column-wrap elementor-element-populated\">\n\t\t\t\t\t\t\t<div class=\"elementor-widget-wrap\">\n\t\t\t\t\t\t<div class=\"elementor-element elementor-element-ed2f449 elementor-widget elementor-widget-contact_info bdevs-el contact_info\" data-id=\"ed2f449\" data-element_type=\"widget\" data-widget_type=\"contact_info.default\">\n\t\t\t\t<div class=\"elementor-widget-container\">\n\t\t\t\r\n        <section class=\"contact1\">\r\n            <div class=\"container\">\r\n                <div class=\"row\">\r\n                    <div class=\"col-xl-5 col-lg-6\">\r\n                        <div class=\"contact1__wrapper\">\r\n                            <div class=\"title_style1\">\r\n                                \r\n                                <h2 >CONTACT<span>.<\/span><\/h2>                                \r\n                                                            <\/div>\r\n                            <div class=\"contact_list__wrapper\">\r\n                                                                <div class=\"contact1__item border-bottom-widget pb-35 mt-40\">\r\n                                    <div class=\"contact1__thumb\">\r\n                                                                                <figure>\r\n                                            <i aria-hidden=\"true\" class=\"fas fa-smile-wink\"><\/i>                                        <\/figure>\r\n                                                                            <\/div>\r\n                                    <div class=\"contact1__content\">\r\n                                        <h4>Adresse e-mail<\/h4>\r\n                                        <p>\r\n                                            contact@ets-rosati.fr                                        <\/p>\r\n                                    <\/div>\r\n                                <\/div>\r\n                                                                <div class=\"contact1__item border-bottom-widget pb-35 mt-40\">\r\n                                    <div class=\"contact1__thumb\">\r\n                                                                                <figure>\r\n                                            <i aria-hidden=\"true\" class=\"fas fa-smile-wink\"><\/i>                                        <\/figure>\r\n                                                                            <\/div>\r\n                                    <div class=\"contact1__content\">\r\n                                        <h4>T\u00e9l\u00e9phone<\/h4>\r\n                                        <p>\r\n                                            +33 04 75 54 52 75                                        <\/p>\r\n                                    <\/div>\r\n                                <\/div>\r\n                                                                <div class=\"contact1__item border-bottom-widget pb-35 mt-40\">\r\n                                    <div class=\"contact1__thumb\">\r\n                                                                                <figure>\r\n                                            <i aria-hidden=\"true\" class=\"fas fa-smile-wink\"><\/i>                                        <\/figure>\r\n                                                                            <\/div>\r\n                                    <div class=\"contact1__content\">\r\n                                        <h4>Adresse<\/h4>\r\n                                        <p>\r\n                                            Chemin de la Glaci\u00e8re<br> 07700 Bourg-Saint-And\u00e9ol                                        <\/p>\r\n                                    <\/div>\r\n                                <\/div>\r\n                                                            <\/div>\r\n                        <\/div>\r\n                    <\/div>\r\n                    <div class=\"col-xl-7 col-lg-6\">\r\n                        <div class=\"contact1__map\">\r\n                                <iframe src=\"https:\/\/maps.google.com\/maps?q=rosati+bourg+saint+andeol&amp;t=m&amp;z=10&amp;output=embed&amp;iwloc=near\"><\/iframe>                        <\/div>\r\n                    <\/div>\r\n                <\/div>\r\n            <\/div>\r\n        <\/section>\r\n\r\n        \t\t<\/div>\n\t\t\t\t<\/div>\n\t\t\t\t\t\t<\/div>\n\t\t\t\t\t<\/div>\n\t\t<\/div>\n\t\t\t\t\t\t\t\t<\/div>\n\t\t\t\t\t<\/div>\n\t\t<\/section>\n\t\t\t\t<section class=\"elementor-section elementor-top-section elementor-element elementor-element-169614c elementor-section-full_width elementor-section-height-default elementor-section-height-default\" data-id=\"169614c\" data-element_type=\"section\" data-settings=\"{&quot;background_background&quot;:&quot;classic&quot;}\">\n\t\t\t\t\t\t<div class=\"elementor-container elementor-column-gap-no\">\n\t\t\t\t\t\t\t<div class=\"elementor-row\">\n\t\t\t\t\t<div class=\"elementor-column elementor-col-100 elementor-top-column elementor-element elementor-element-34ecfd4\" data-id=\"34ecfd4\" data-element_type=\"column\">\n\t\t\t<div class=\"elementor-column-wrap elementor-element-populated\">\n\t\t\t\t\t\t\t<div class=\"elementor-widget-wrap\">\n\t\t\t\t\t\t<section class=\"elementor-section elementor-inner-section elementor-element elementor-element-ac58e18 elementor-section-boxed elementor-section-height-default elementor-section-height-default\" data-id=\"ac58e18\" data-element_type=\"section\">\n\t\t\t\t\t\t<div class=\"elementor-container elementor-column-gap-default\">\n\t\t\t\t\t\t\t<div class=\"elementor-row\">\n\t\t\t\t\t<div class=\"elementor-column elementor-col-100 elementor-inner-column elementor-element elementor-element-87b4629\" data-id=\"87b4629\" data-element_type=\"column\">\n\t\t\t<div class=\"elementor-column-wrap elementor-element-populated\">\n\t\t\t\t\t\t\t<div class=\"elementor-widget-wrap\">\n\t\t\t\t\t\t<div class=\"elementor-element elementor-element-8a44709 elementor-widget elementor-widget-heading bdevs-el heading\" data-id=\"8a44709\" data-element_type=\"widget\" data-settings=\"{&quot;design_style&quot;:&quot;style_1&quot;}\" data-widget_type=\"heading.default\">\n\t\t\t\t<div class=\"elementor-widget-container\">\n\t\t\t\r\n        \r\n        <div class=\"title_style1 position-relative\">\r\n                \r\n                <h2 class=\"section-title shape\">Contactez-nous<span>.<\/span><\/h2>                \r\n                \r\n                        <\/div>\r\n        \r\n        \r\n        \t\t<\/div>\n\t\t\t\t<\/div>\n\t\t\t\t\t\t<\/div>\n\t\t\t\t\t<\/div>\n\t\t<\/div>\n\t\t\t\t\t\t\t\t<\/div>\n\t\t\t\t\t<\/div>\n\t\t<\/section>\n\t\t\t\t<div class=\"elementor-element elementor-element-7876cfe elementor-widget elementor-widget-cf7 bdevs-el cf7\" data-id=\"7876cfe\" data-element_type=\"widget\" data-settings=\"{&quot;design_style&quot;:&quot;style_1&quot;}\" data-widget_type=\"cf7.default\">\n\t\t\t\t<div class=\"elementor-widget-container\">\n\t\t\t        \r\n        <div class=\"contact_page1\">\r\n            <div class=\"counter1__wrapper position-relative\">\r\n                <div class=\"container\">\r\n                    <div class=\"row\">\r\n                        <div class=\"col-lg-12\">\r\n                            <div class=\"contact_page1__form\">\r\n                                <div role=\"form\" class=\"wpcf7\" id=\"wpcf7-f681-o1\" lang=\"en-US\" dir=\"ltr\">\n<div class=\"screen-reader-response\"><p role=\"status\" aria-live=\"polite\" aria-atomic=\"true\"><\/p> <ul><\/ul><\/div>\n<form action=\"\/rosati\/wp-json\/wp\/v2\/pages\/64#wpcf7-f681-o1\" method=\"post\" class=\"wpcf7-form init bdevs-cf7-form\" novalidate=\"novalidate\" data-status=\"init\">\n<div style=\"display: none;\">\n<input type=\"hidden\" name=\"_wpcf7\" value=\"681\" \/>\n<input type=\"hidden\" name=\"_wpcf7_version\" value=\"5.3\" \/>\n<input type=\"hidden\" name=\"_wpcf7_locale\" value=\"en_US\" \/>\n<input type=\"hidden\" name=\"_wpcf7_unit_tag\" value=\"wpcf7-f681-o1\" \/>\n<input type=\"hidden\" name=\"_wpcf7_container_post\" value=\"0\" \/>\n<input type=\"hidden\" name=\"_wpcf7_posted_data_hash\" value=\"\" \/>\n<\/div>\n<div class=\"row mb-30\">\n<div class=\"col-xl-6\">\n<div class=\"contact_page1__item\"><span class=\"wpcf7-form-control-wrap text-190\"><input type=\"text\" name=\"text-190\" value=\"\" size=\"40\" class=\"wpcf7-form-control wpcf7-text form-control\" aria-invalid=\"false\" placeholder=\"Entrer votre nom\" \/><\/span><i class=\"far fa-user\"><\/i><\/div>\n<\/div>\n<div class=\"col-xl-6\">\n<div class=\"contact_page1__item\"><span class=\"wpcf7-form-control-wrap y-email\"><input type=\"email\" name=\"y-email\" value=\"\" size=\"40\" class=\"wpcf7-form-control wpcf7-text wpcf7-email wpcf7-validates-as-email form-control\" aria-invalid=\"false\" placeholder=\"Entrer vos coordonn\u00e9es\" \/><\/span><i class=\"far fa-envelope\"><\/i><\/div>\n<\/div>\n<div class=\"col-xl-12 text-center\">\n<div class=\"contact_page1__item contact_page1__textarea\"><span class=\"wpcf7-form-control-wrap y-message\"><textarea name=\"y-message\" cols=\"40\" rows=\"10\" class=\"wpcf7-form-control wpcf7-textarea form-control\" aria-invalid=\"false\" placeholder=\"Entrer votre demande\"><\/textarea><\/span><i class=\"far fa-edit\"><\/i><\/div>\n<p><input type=\"submit\" value=\"Envoyer\" class=\"wpcf7-form-control wpcf7-submit site__btn1\" \/><\/p><\/div>\n<\/div>\n<div class=\"wpcf7-response-output\" aria-hidden=\"true\"><\/div><\/form><\/div> \r\n                            <\/div>\r\n                        <\/div>\r\n                    <\/div>\r\n                <\/div>\r\n            <\/div>\r\n        <\/div>\r\n\r\n          \r\n\r\n            \r\n\r\n        \t\t<\/div>\n\t\t\t\t<\/div>\n\t\t\t\t\t\t<\/div>\n\t\t\t\t\t<\/div>\n\t\t<\/div>\n\t\t\t\t\t\t\t\t<\/div>\n\t\t\t\t\t<\/div>\n\t\t<\/section>\n\t\t\t\t\t\t<\/div>\n\t\t\t\t\t\t<\/div>\n\t\t\t\t\t<\/div>\n\t\t","protected":false},"excerpt":{"rendered":"<p>CONTACT. Adresse e-mail contact@ets-rosati.fr T\u00e9l\u00e9phone +33 04 75 54 52 75 Adresse Chemin de la Glaci\u00e8re 07700 Bourg-Saint-And\u00e9ol Contactez-nous.<\/p>\n","protected":false},"author":1,"featured_media":0,"parent":0,"menu_order":0,"comment_status":"closed","ping_status":"closed","template":"elementor_header_footer","meta":[],"_links":{"self":[{"href":"http:\/\/jlcommunication.ovh\/rosati\/wp-json\/wp\/v2\/pages\/64"}],"collection":[{"href":"http:\/\/jlcommunication.ovh\/rosati\/wp-json\/wp\/v2\/pages"}],"about":[{"href":"http:\/\/jlcommunication.ovh\/rosati\/wp-json\/wp\/v2\/types\/page"}],"author":[{"embeddable":true,"href":"http:\/\/jlcommunication.ovh\/rosati\/wp-json\/wp\/v2\/users\/1"}],"replies":[{"embeddable":true,"href":"http:\/\/jlcommunication.ovh\/rosati\/wp-json\/wp\/v2\/comments?post=64"}],"version-history":[{"count":10,"href":"http:\/\/jlcommunication.ovh\/rosati\/wp-json\/wp\/v2\/pages\/64\/revisions"}],"predecessor-version":[{"id":984,"href":"http:\/\/jlcommunication.ovh\/rosati\/wp-json\/wp\/v2\/pages\/64\/revisions\/984"}],"wp:attachment":[{"href":"http:\/\/jlcommunication.ovh\/rosati\/wp-json\/wp\/v2\/media?parent=64"}],"curies":[{"name":"wp","href":"https:\/\/api.w.org\/{rel}","templated":true}]}}