{"id":985,"date":"2020-11-30T17:33:44","date_gmt":"2020-11-30T16:33:44","guid":{"rendered":"http:\/\/jlcommunication.ovh\/rosati\/?page_id=985"},"modified":"2020-12-03T10:24:49","modified_gmt":"2020-12-03T09:24:49","slug":"refaire-votre-isolation-ou-isoler-votre-nouvelle-maison","status":"publish","type":"page","link":"http:\/\/jlcommunication.ovh\/rosati\/refaire-votre-isolation-ou-isoler-votre-nouvelle-maison\/","title":{"rendered":"Refaire votre isolation ou isoler votre nouvelle maison"},"content":{"rendered":"\t\t<div data-elementor-type=\"wp-page\" data-elementor-id=\"985\" class=\"elementor elementor-985\" data-elementor-settings=\"[]\">\n\t\t\t\t\t\t<div class=\"elementor-inner\">\n\t\t\t\t\t\t\t<div class=\"elementor-section-wrap\">\n\t\t\t\t\t\t\t<section class=\"elementor-section elementor-top-section elementor-element elementor-element-185e1488 elementor-section-full_width elementor-section-height-default elementor-section-height-default\" data-id=\"185e1488\" data-element_type=\"section\">\n\t\t\t\t\t\t<div class=\"elementor-container elementor-column-gap-default\">\n\t\t\t\t\t\t\t<div class=\"elementor-row\">\n\t\t\t\t\t<div class=\"elementor-column elementor-col-50 elementor-top-column elementor-element elementor-element-3c6011a3\" data-id=\"3c6011a3\" data-element_type=\"column\" data-settings=\"{&quot;background_background&quot;:&quot;classic&quot;}\">\n\t\t\t<div class=\"elementor-column-wrap elementor-element-populated\">\n\t\t\t\t\t\t\t<div class=\"elementor-widget-wrap\">\n\t\t\t\t\t\t<div class=\"elementor-element elementor-element-57adf42 elementor-widget elementor-widget-spacer\" data-id=\"57adf42\" data-element_type=\"widget\" data-widget_type=\"spacer.default\">\n\t\t\t\t<div class=\"elementor-widget-container\">\n\t\t\t\t\t<div class=\"elementor-spacer\">\n\t\t\t<div class=\"elementor-spacer-inner\"><\/div>\n\t\t<\/div>\n\t\t\t\t<\/div>\n\t\t\t\t<\/div>\n\t\t\t\t<div class=\"elementor-element elementor-element-702e5a5 elementor-widget elementor-widget-image\" data-id=\"702e5a5\" data-element_type=\"widget\" data-widget_type=\"image.default\">\n\t\t\t\t<div class=\"elementor-widget-container\">\n\t\t\t\t\t<div class=\"elementor-image\">\n\t\t\t\t\t\t\t\t\t\t<img width=\"2300\" height=\"1800\" src=\"http:\/\/jlcommunication.ovh\/rosati\/wp-content\/uploads\/2020\/11\/Symbole-Qualibat-RGE.png\" class=\"attachment-full size-full\" alt=\"\" loading=\"lazy\" srcset=\"http:\/\/jlcommunication.ovh\/rosati\/wp-content\/uploads\/2020\/11\/Symbole-Qualibat-RGE.png 2300w, http:\/\/jlcommunication.ovh\/rosati\/wp-content\/uploads\/2020\/11\/Symbole-Qualibat-RGE-300x235.png 300w, http:\/\/jlcommunication.ovh\/rosati\/wp-content\/uploads\/2020\/11\/Symbole-Qualibat-RGE-1024x801.png 1024w, http:\/\/jlcommunication.ovh\/rosati\/wp-content\/uploads\/2020\/11\/Symbole-Qualibat-RGE-768x601.png 768w, http:\/\/jlcommunication.ovh\/rosati\/wp-content\/uploads\/2020\/11\/Symbole-Qualibat-RGE-1536x1202.png 1536w, http:\/\/jlcommunication.ovh\/rosati\/wp-content\/uploads\/2020\/11\/Symbole-Qualibat-RGE-2048x1603.png 2048w\" sizes=\"(max-width: 2300px) 100vw, 2300px\" \/>\t\t\t\t\t\t\t\t\t\t\t<\/div>\n\t\t\t\t<\/div>\n\t\t\t\t<\/div>\n\t\t\t\t\t\t<\/div>\n\t\t\t\t\t<\/div>\n\t\t<\/div>\n\t\t\t\t<div class=\"elementor-column elementor-col-50 elementor-top-column elementor-element elementor-element-3d05e19d\" data-id=\"3d05e19d\" data-element_type=\"column\">\n\t\t\t<div class=\"elementor-column-wrap elementor-element-populated\">\n\t\t\t\t\t\t\t<div class=\"elementor-widget-wrap\">\n\t\t\t\t\t\t<div class=\"elementor-element elementor-element-1e2f19b4 elementor-widget elementor-widget-heading bdevs-el heading\" data-id=\"1e2f19b4\" data-element_type=\"widget\" data-settings=\"{&quot;design_style&quot;:&quot;style_1&quot;}\" data-widget_type=\"heading.default\">\n\t\t\t\t<div class=\"elementor-widget-container\">\n\t\t\t\r\n        \r\n        <div class=\"title_style1 position-relative\">\r\n                \r\n                <h2 class=\"section-title shape\">Isolation<span>.<\/span><\/h2>                \r\n                \r\n                        <\/div>\r\n        \r\n        \r\n        \t\t<\/div>\n\t\t\t\t<\/div>\n\t\t\t\t<div class=\"elementor-element elementor-element-788ed209 elementor-widget elementor-widget-text-editor\" data-id=\"788ed209\" data-element_type=\"widget\" data-widget_type=\"text-editor.default\">\n\t\t\t\t<div class=\"elementor-widget-container\">\n\t\t\t\t\t<div class=\"elementor-text-editor elementor-clearfix\"><p><span lang=\"FR-FR\" style=\"user-select: text; -webkit-user-drag: none; -webkit-tap-highlight-color: transparent; color: rgba(0, 0, 0, 0.847); text-align: left; font-size: 12pt; font-family: Calibri, Calibri_EmbeddedFont, Calibri_MSFontService, sans-serif; line-height: 19.425px; font-variant-ligatures: none !important;\" xml:lang=\"FR-FR\" data-contrast=\"auto\"><span style=\"user-select: text; -webkit-user-drag: none; -webkit-tap-highlight-color: transparent; background-color: inherit;\"><span lang=\"FR-FR\" style=\"font-weight: var( --e-global-typography-text-font-weight ); font-size: 12pt; user-select: text; -webkit-user-drag: none; -webkit-tap-highlight-color: transparent; line-height: 19.425px;\" xml:lang=\"FR-FR\" data-contrast=\"auto\"><span style=\"user-select: text; -webkit-user-drag: none; -webkit-tap-highlight-color: transparent; background-color: inherit;\">Profitez alors de l\u2019exp\u00e9rience et du savoir-faire de notre entreprise pour refaire votre isolation et faire entretenir votre toiture tout en b\u00e9n\u00e9ficiant de cr\u00e9dit d\u2019imp\u00f4t selon vos revenus et votre domicile.<\/span><\/span><\/span><\/span><\/p><p><span lang=\"FR-FR\" style=\"user-select: text; -webkit-user-drag: none; -webkit-tap-highlight-color: transparent; color: rgba(0, 0, 0, 0.847); text-align: left; font-size: 12pt; font-family: Calibri, Calibri_EmbeddedFont, Calibri_MSFontService, sans-serif; line-height: 19.425px; font-variant-ligatures: none !important;\" xml:lang=\"FR-FR\" data-contrast=\"auto\"><span style=\"user-select: text; -webkit-user-drag: none; -webkit-tap-highlight-color: transparent; background-color: inherit;\"><b>Le saviez-vous\u202f?\u00a0<\/b><\/span><\/span><span style=\"user-select: text; -webkit-user-drag: none; -webkit-tap-highlight-color: transparent; color: rgba(0, 0, 0, 0.847); text-align: left; font-size: 12pt; line-height: 19.425px; font-family: WordVisiCarriageReturn_MSFontService, Calibri, Calibri_EmbeddedFont, Calibri_MSFontService, sans-serif;\"><span style=\"user-select: text; -webkit-user-drag: none; -webkit-tap-highlight-color: transparent; white-space: pre !important;\"><b>\u00a0<\/b><\/span><br style=\"user-select: text; -webkit-user-drag: none; -webkit-tap-highlight-color: transparent; white-space: pre !important;\" \/><\/span><\/p><p><span lang=\"FR-FR\" style=\"user-select: text; -webkit-user-drag: none; -webkit-tap-highlight-color: transparent; color: rgba(0, 0, 0, 0.847); text-align: left; font-size: 12pt; font-family: Calibri, Calibri_EmbeddedFont, Calibri_MSFontService, sans-serif; line-height: 19.425px; font-variant-ligatures: none !important;\" xml:lang=\"FR-FR\" data-contrast=\"auto\"><span style=\"user-select: text; -webkit-user-drag: none; -webkit-tap-highlight-color: transparent; background-color: inherit;\"><span lang=\"FR-FR\" style=\"font-weight: var( --e-global-typography-text-font-weight ); font-size: 12pt; user-select: text; -webkit-user-drag: none; -webkit-tap-highlight-color: transparent; line-height: 19.425px;\" xml:lang=\"FR-FR\" data-contrast=\"auto\"><span style=\"user-select: text; -webkit-user-drag: none; -webkit-tap-highlight-color: transparent; background-color: inherit;\"><span lang=\"FR-FR\" style=\"font-weight: var( --e-global-typography-text-font-weight ); font-size: 12pt; user-select: text; -webkit-user-drag: none; -webkit-tap-highlight-color: transparent; line-height: 19.425px;\" xml:lang=\"FR-FR\" data-contrast=\"auto\"><span style=\"user-select: text; -webkit-user-drag: none; -webkit-tap-highlight-color: transparent; background-color: inherit;\">Selon l\u2019Agence de l\u2019environnement et de la ma\u00eetrise de l\u2019\u00e9nergie, la chaleur s\u2019<\/span><\/span><span lang=\"FR-FR\" style=\"font-weight: var( --e-global-typography-text-font-weight ); font-size: 12pt; user-select: text; -webkit-user-drag: none; -webkit-tap-highlight-color: transparent; line-height: 19.425px;\" xml:lang=\"FR-FR\" data-contrast=\"auto\"><span style=\"user-select: text; -webkit-user-drag: none; -webkit-tap-highlight-color: transparent; background-color: inherit;\">\u00e9chappe<\/span><\/span><span lang=\"FR-FR\" style=\"font-weight: var( --e-global-typography-text-font-weight ); font-size: 12pt; user-select: text; -webkit-user-drag: none; -webkit-tap-highlight-color: transparent; line-height: 19.425px;\" xml:lang=\"FR-FR\" data-contrast=\"auto\"><span style=\"user-select: text; -webkit-user-drag: none; -webkit-tap-highlight-color: transparent; background-color: inherit;\">\u00a0d\u2019une maison mal isol\u00e9e jusqu\u2019\u00e0 30% par les combles et la toiture. C\u2019est pour cela que bien isoler votre maison et faire entretenir votre toiture doit \u00eatre une priorit\u00e9 afin de pr\u00e9server votre chauffage, votre d\u00e9pense \u00e9nerg\u00e9tique et par cons\u00e9quence votre porte-monnaie &amp; notre environnement.<\/span><\/span><span style=\"font-weight: var( --e-global-typography-text-font-weight ); font-size: 12pt; user-select: text; -webkit-user-drag: none; -webkit-tap-highlight-color: transparent; line-height: 19.425px;\" data-ccp-props=\"{}\">\u00a0<\/span>\u00a0<\/span><\/span><span style=\"font-weight: var( --e-global-typography-text-font-weight ); font-size: 12pt; user-select: text; -webkit-user-drag: none; -webkit-tap-highlight-color: transparent; line-height: 19.425px; font-family: WordVisiCarriageReturn_MSFontService, Calibri, Calibri_EmbeddedFont, Calibri_MSFontService, sans-serif;\"><span style=\"user-select: text; -webkit-user-drag: none; -webkit-tap-highlight-color: transparent; white-space: pre !important;\">\u00a0<\/span><\/span><\/span><\/span><\/p><p><span lang=\"FR-FR\" style=\"user-select: text; -webkit-user-drag: none; -webkit-tap-highlight-color: transparent; color: rgba(0, 0, 0, 0.847); text-align: left; font-size: 12pt; font-family: Calibri, Calibri_EmbeddedFont, Calibri_MSFontService, sans-serif; line-height: 19.425px; font-variant-ligatures: none !important;\" xml:lang=\"FR-FR\" data-contrast=\"auto\"><span style=\"user-select: text; -webkit-user-drag: none; -webkit-tap-highlight-color: transparent; background-color: inherit;\">Notre entreprise est aujourd\u2019hui RGE vous permettant d\u2019obtenir un cr\u00e9dit d\u2019imp\u00f4t ainsi qu\u2019une prime \u00e9nerg\u00e9tique, possible \u00e0 faire valoir uniquement sur des biens immobiliers anciens.\u00a0<\/span><\/span><span style=\"user-select: text; -webkit-user-drag: none; -webkit-tap-highlight-color: transparent; color: rgba(0, 0, 0, 0.847); text-align: left; font-size: 12pt; line-height: 19.425px; font-family: Calibri, Calibri_EmbeddedFont, Calibri_MSFontService, sans-serif;\" data-ccp-props=\"{}\">\u00a0<\/span><\/p><p><span style=\"user-select: text; -webkit-user-drag: none; -webkit-tap-highlight-color: transparent; color: rgba(0, 0, 0, 0.847); text-align: left; font-size: 12pt; line-height: 19.425px; font-family: WordVisiCarriageReturn_MSFontService, Calibri, Calibri_EmbeddedFont, Calibri_MSFontService, sans-serif;\">\u00a0<\/span><\/p><\/div>\n\t\t\t\t<\/div>\n\t\t\t\t<\/div>\n\t\t\t\t\t\t<\/div>\n\t\t\t\t\t<\/div>\n\t\t<\/div>\n\t\t\t\t\t\t\t\t<\/div>\n\t\t\t\t\t<\/div>\n\t\t<\/section>\n\t\t\t\t<section class=\"elementor-section elementor-top-section elementor-element elementor-element-ab00f02 elementor-section-boxed elementor-section-height-default elementor-section-height-default\" data-id=\"ab00f02\" data-element_type=\"section\" data-settings=\"{&quot;background_background&quot;:&quot;classic&quot;}\">\n\t\t\t\t\t\t<div class=\"elementor-container elementor-column-gap-default\">\n\t\t\t\t\t\t\t<div class=\"elementor-row\">\n\t\t\t\t\t<div class=\"elementor-column elementor-col-100 elementor-top-column elementor-element elementor-element-c770b39\" data-id=\"c770b39\" data-element_type=\"column\">\n\t\t\t<div class=\"elementor-column-wrap elementor-element-populated\">\n\t\t\t\t\t\t\t<div class=\"elementor-widget-wrap\">\n\t\t\t\t\t\t<div class=\"elementor-element elementor-element-534bbbc elementor-widget elementor-widget-heading bdevs-el heading\" data-id=\"534bbbc\" data-element_type=\"widget\" data-settings=\"{&quot;design_style&quot;:&quot;style_1&quot;}\" data-widget_type=\"heading.default\">\n\t\t\t\t<div class=\"elementor-widget-container\">\n\t\t\t\r\n        \r\n        <div class=\"title_style1 position-relative\">\r\n                \r\n                <h2 class=\"section-title shape\">Prenons rendez-vous<span>.<\/span><\/h2>                \r\n                \r\n                        <\/div>\r\n        \r\n        \r\n        \t\t<\/div>\n\t\t\t\t<\/div>\n\t\t\t\t<div class=\"elementor-element elementor-element-b146c63 elementor-widget elementor-widget-text-editor\" data-id=\"b146c63\" data-element_type=\"widget\" data-widget_type=\"text-editor.default\">\n\t\t\t\t<div class=\"elementor-widget-container\">\n\t\t\t\t\t<div class=\"elementor-text-editor elementor-clearfix\"><p><span class=\"TextRun SCXW231576403 BCX9\" lang=\"FR-FR\" xml:lang=\"FR-FR\" data-contrast=\"auto\"><span class=\"NormalTextRun SCXW231576403 BCX9\">Notre \u00e9quipe se tient \u00e0 votre disposition pour vous recevoir au sein de nos bureaux \u00e0 Bourg-Saint-And\u00e9ol ou bien venir \u00e0 votre rencontre \u00e0 votre domicile en nous contactant par t\u00e9l\u00e9phone au 04 75 54 52 75 ou par email \u00e0\u00a0<\/span><\/span><a class=\"Hyperlink SCXW231576403 BCX9\" href=\"mailto:contact@ets-rosati.fr\" target=\"_blank\" rel=\"noreferrer noopener\"><span class=\"TextRun Underlined SCXW231576403 BCX9\" lang=\"FR-FR\" xml:lang=\"FR-FR\" data-contrast=\"none\"><span class=\"NormalTextRun SCXW231576403 BCX9\" data-ccp-charstyle=\"Hyperlink\">contact@ets-rosati.fr<\/span><\/span><\/a><span class=\"TextRun SCXW231576403 BCX9\" lang=\"FR-FR\" xml:lang=\"FR-FR\" data-contrast=\"auto\"><span class=\"NormalTextRun SCXW231576403 BCX9\">\u00a0<\/span><\/span><span class=\"EOP SCXW231576403 BCX9\" data-ccp-props=\"{}\">\u00a0<\/span><\/p><\/div>\n\t\t\t\t<\/div>\n\t\t\t\t<\/div>\n\t\t\t\t<section class=\"elementor-section elementor-inner-section elementor-element elementor-element-72a866e elementor-section-boxed elementor-section-height-default elementor-section-height-default\" data-id=\"72a866e\" data-element_type=\"section\">\n\t\t\t\t\t\t<div class=\"elementor-container elementor-column-gap-default\">\n\t\t\t\t\t\t\t<div class=\"elementor-row\">\n\t\t\t\t\t<div class=\"elementor-column elementor-col-50 elementor-inner-column elementor-element elementor-element-4c1950d\" data-id=\"4c1950d\" data-element_type=\"column\">\n\t\t\t<div class=\"elementor-column-wrap elementor-element-populated\">\n\t\t\t\t\t\t\t<div class=\"elementor-widget-wrap\">\n\t\t\t\t\t\t<div class=\"elementor-element elementor-element-926e2a0 elementor-widget elementor-widget-cf7 bdevs-el cf7\" data-id=\"926e2a0\" data-element_type=\"widget\" data-settings=\"{&quot;design_style&quot;:&quot;style_1&quot;}\" data-widget_type=\"cf7.default\">\n\t\t\t\t<div class=\"elementor-widget-container\">\n\t\t\t        \r\n        <div class=\"contact_page1\">\r\n            <div class=\"counter1__wrapper position-relative\">\r\n                <div class=\"container\">\r\n                    <div class=\"row\">\r\n                        <div class=\"col-lg-12\">\r\n                            <div class=\"contact_page1__form\">\r\n                                <div role=\"form\" class=\"wpcf7\" id=\"wpcf7-f681-o1\" lang=\"en-US\" dir=\"ltr\">\n<div class=\"screen-reader-response\"><p role=\"status\" aria-live=\"polite\" aria-atomic=\"true\"><\/p> <ul><\/ul><\/div>\n<form action=\"\/rosati\/wp-json\/wp\/v2\/pages\/985#wpcf7-f681-o1\" method=\"post\" class=\"wpcf7-form init bdevs-cf7-form\" novalidate=\"novalidate\" data-status=\"init\">\n<div style=\"display: none;\">\n<input type=\"hidden\" name=\"_wpcf7\" value=\"681\" \/>\n<input type=\"hidden\" name=\"_wpcf7_version\" value=\"5.3\" \/>\n<input type=\"hidden\" name=\"_wpcf7_locale\" value=\"en_US\" \/>\n<input type=\"hidden\" name=\"_wpcf7_unit_tag\" value=\"wpcf7-f681-o1\" \/>\n<input type=\"hidden\" name=\"_wpcf7_container_post\" value=\"0\" \/>\n<input type=\"hidden\" name=\"_wpcf7_posted_data_hash\" value=\"\" \/>\n<\/div>\n<div class=\"row mb-30\">\n<div class=\"col-xl-6\">\n<div class=\"contact_page1__item\"><span class=\"wpcf7-form-control-wrap text-190\"><input type=\"text\" name=\"text-190\" value=\"\" size=\"40\" class=\"wpcf7-form-control wpcf7-text form-control\" aria-invalid=\"false\" placeholder=\"Entrer votre nom\" \/><\/span><i class=\"far fa-user\"><\/i><\/div>\n<\/div>\n<div class=\"col-xl-6\">\n<div class=\"contact_page1__item\"><span class=\"wpcf7-form-control-wrap y-email\"><input type=\"email\" name=\"y-email\" value=\"\" size=\"40\" class=\"wpcf7-form-control wpcf7-text wpcf7-email wpcf7-validates-as-email form-control\" aria-invalid=\"false\" placeholder=\"Entrer vos coordonn\u00e9es\" \/><\/span><i class=\"far fa-envelope\"><\/i><\/div>\n<\/div>\n<div class=\"col-xl-12 text-center\">\n<div class=\"contact_page1__item contact_page1__textarea\"><span class=\"wpcf7-form-control-wrap y-message\"><textarea name=\"y-message\" cols=\"40\" rows=\"10\" class=\"wpcf7-form-control wpcf7-textarea form-control\" aria-invalid=\"false\" placeholder=\"Entrer votre demande\"><\/textarea><\/span><i class=\"far fa-edit\"><\/i><\/div>\n<p><input type=\"submit\" value=\"Envoyer\" class=\"wpcf7-form-control wpcf7-submit site__btn1\" \/><\/p><\/div>\n<\/div>\n<div class=\"wpcf7-response-output\" aria-hidden=\"true\"><\/div><\/form><\/div> \r\n                            <\/div>\r\n                        <\/div>\r\n                    <\/div>\r\n                <\/div>\r\n            <\/div>\r\n        <\/div>\r\n\r\n          \r\n\r\n            \r\n\r\n        \t\t<\/div>\n\t\t\t\t<\/div>\n\t\t\t\t\t\t<\/div>\n\t\t\t\t\t<\/div>\n\t\t<\/div>\n\t\t\t\t<div class=\"elementor-column elementor-col-50 elementor-inner-column elementor-element elementor-element-db3725c\" data-id=\"db3725c\" data-element_type=\"column\" data-settings=\"{&quot;background_background&quot;:&quot;classic&quot;}\">\n\t\t\t<div class=\"elementor-column-wrap\">\n\t\t\t\t\t\t\t<div class=\"elementor-widget-wrap\">\n\t\t\t\t\t\t\t\t<\/div>\n\t\t\t\t\t<\/div>\n\t\t<\/div>\n\t\t\t\t\t\t\t\t<\/div>\n\t\t\t\t\t<\/div>\n\t\t<\/section>\n\t\t\t\t\t\t<\/div>\n\t\t\t\t\t<\/div>\n\t\t<\/div>\n\t\t\t\t\t\t\t\t<\/div>\n\t\t\t\t\t<\/div>\n\t\t<\/section>\n\t\t\t\t<section class=\"elementor-section elementor-top-section elementor-element elementor-element-a0fd45a elementor-section-boxed elementor-section-height-default elementor-section-height-default\" data-id=\"a0fd45a\" data-element_type=\"section\">\n\t\t\t\t\t\t<div class=\"elementor-container elementor-column-gap-default\">\n\t\t\t\t\t\t\t<div class=\"elementor-row\">\n\t\t\t\t\t<div class=\"elementor-column elementor-col-100 elementor-top-column elementor-element elementor-element-eb86d83\" data-id=\"eb86d83\" data-element_type=\"column\">\n\t\t\t<div class=\"elementor-column-wrap elementor-element-populated\">\n\t\t\t\t\t\t\t<div class=\"elementor-widget-wrap\">\n\t\t\t\t\t\t<div class=\"elementor-element elementor-element-e34e935 elementor-widget elementor-widget-gallery\" data-id=\"e34e935\" data-element_type=\"widget\" data-settings=\"{&quot;gap&quot;:{&quot;unit&quot;:&quot;px&quot;,&quot;size&quot;:4,&quot;sizes&quot;:[]},&quot;aspect_ratio&quot;:&quot;1:1&quot;,&quot;lazyload&quot;:&quot;yes&quot;,&quot;gallery_layout&quot;:&quot;grid&quot;,&quot;columns&quot;:4,&quot;columns_tablet&quot;:2,&quot;columns_mobile&quot;:1,&quot;gap_tablet&quot;:{&quot;unit&quot;:&quot;px&quot;,&quot;size&quot;:10,&quot;sizes&quot;:[]},&quot;gap_mobile&quot;:{&quot;unit&quot;:&quot;px&quot;,&quot;size&quot;:10,&quot;sizes&quot;:[]},&quot;overlay_background&quot;:&quot;yes&quot;,&quot;content_hover_animation&quot;:&quot;fade-in&quot;}\" data-widget_type=\"gallery.default\">\n\t\t\t\t<div class=\"elementor-widget-container\">\n\t\t\t\t\t<div class=\"elementor-gallery__container\">\n\t\t\t\t\t\t\t<div class=\"e-gallery-item elementor-gallery-item elementor-animated-content\">\n\t\t\t\t\t<div class=\"e-gallery-image elementor-gallery-item__image\" data-thumbnail=\"http:\/\/jlcommunication.ovh\/rosati\/wp-content\/uploads\/2020\/11\/IMG_20200817_123833.jpg\" data-width=\"756\" data-height=\"1008\" alt=\"\" ><\/div>\n\t\t\t\t\t\t\t\t\t\t<div class=\"elementor-gallery-item__overlay\"><\/div>\n\t\t\t\t\t\t\t\t\t\t\t\t\t\t<\/div>\n\t\t\t\t\t\t\t<div class=\"e-gallery-item elementor-gallery-item elementor-animated-content\">\n\t\t\t\t\t<div class=\"e-gallery-image elementor-gallery-item__image\" data-thumbnail=\"http:\/\/jlcommunication.ovh\/rosati\/wp-content\/uploads\/2020\/11\/IMG_20200817_123830.jpg\" data-width=\"400\" data-height=\"535\" alt=\"\" ><\/div>\n\t\t\t\t\t\t\t\t\t\t<div class=\"elementor-gallery-item__overlay\"><\/div>\n\t\t\t\t\t\t\t\t\t\t\t\t\t\t<\/div>\n\t\t\t\t\t\t\t<div class=\"e-gallery-item elementor-gallery-item elementor-animated-content\">\n\t\t\t\t\t<div class=\"e-gallery-image elementor-gallery-item__image\" data-thumbnail=\"http:\/\/jlcommunication.ovh\/rosati\/wp-content\/uploads\/2020\/12\/isolation-rosati.jpg\" data-width=\"1200\" data-height=\"800\" alt=\"isolation rosati\" ><\/div>\n\t\t\t\t\t\t\t\t\t\t<div class=\"elementor-gallery-item__overlay\"><\/div>\n\t\t\t\t\t\t\t\t\t\t\t\t\t\t<\/div>\n\t\t\t\t\t\t\t<div class=\"e-gallery-item elementor-gallery-item elementor-animated-content\">\n\t\t\t\t\t<div class=\"e-gallery-image elementor-gallery-item__image\" data-thumbnail=\"http:\/\/jlcommunication.ovh\/rosati\/wp-content\/uploads\/2020\/11\/IMG_20200817_123822.jpg\" data-width=\"400\" data-height=\"535\" alt=\"\" ><\/div>\n\t\t\t\t\t\t\t\t\t\t<div class=\"elementor-gallery-item__overlay\"><\/div>\n\t\t\t\t\t\t\t\t\t\t\t\t\t\t<\/div>\n\t\t\t\t\t<\/div>\n\t\t\t<\/div>\n\t\t\t\t<\/div>\n\t\t\t\t\t\t<\/div>\n\t\t\t\t\t<\/div>\n\t\t<\/div>\n\t\t\t\t\t\t\t\t<\/div>\n\t\t\t\t\t<\/div>\n\t\t<\/section>\n\t\t\t\t\t\t<\/div>\n\t\t\t\t\t\t<\/div>\n\t\t\t\t\t<\/div>\n\t\t","protected":false},"excerpt":{"rendered":"<p>Isolation. Profitez alors de l\u2019exp\u00e9rience et du savoir-faire de notre entreprise pour refaire votre isolation et faire entretenir votre toiture tout en b\u00e9n\u00e9ficiant de cr\u00e9dit d\u2019imp\u00f4t selon vos revenus et votre domicile. Le saviez-vous\u202f?\u00a0\u00a0 Selon l\u2019Agence de l\u2019environnement et de la ma\u00eetrise de l\u2019\u00e9nergie, la chaleur s\u2019\u00e9chappe\u00a0d\u2019une maison mal isol\u00e9e jusqu\u2019\u00e0 30% par les combles [&hellip;]<\/p>\n","protected":false},"author":1,"featured_media":0,"parent":0,"menu_order":0,"comment_status":"closed","ping_status":"closed","template":"elementor_header_footer","meta":[],"_links":{"self":[{"href":"http:\/\/jlcommunication.ovh\/rosati\/wp-json\/wp\/v2\/pages\/985"}],"collection":[{"href":"http:\/\/jlcommunication.ovh\/rosati\/wp-json\/wp\/v2\/pages"}],"about":[{"href":"http:\/\/jlcommunication.ovh\/rosati\/wp-json\/wp\/v2\/types\/page"}],"author":[{"embeddable":true,"href":"http:\/\/jlcommunication.ovh\/rosati\/wp-json\/wp\/v2\/users\/1"}],"replies":[{"embeddable":true,"href":"http:\/\/jlcommunication.ovh\/rosati\/wp-json\/wp\/v2\/comments?post=985"}],"version-history":[{"count":7,"href":"http:\/\/jlcommunication.ovh\/rosati\/wp-json\/wp\/v2\/pages\/985\/revisions"}],"predecessor-version":[{"id":1072,"href":"http:\/\/jlcommunication.ovh\/rosati\/wp-json\/wp\/v2\/pages\/985\/revisions\/1072"}],"wp:attachment":[{"href":"http:\/\/jlcommunication.ovh\/rosati\/wp-json\/wp\/v2\/media?parent=985"}],"curies":[{"name":"wp","href":"https:\/\/api.w.org\/{rel}","templated":true}]}}