{"id":993,"date":"2020-11-30T17:53:06","date_gmt":"2020-11-30T16:53:06","guid":{"rendered":"http:\/\/jlcommunication.ovh\/rosati\/?page_id=993"},"modified":"2020-11-30T17:58:13","modified_gmt":"2020-11-30T16:58:13","slug":"zinguerie-travaux-de-renovation","status":"publish","type":"page","link":"http:\/\/jlcommunication.ovh\/rosati\/zinguerie-travaux-de-renovation\/","title":{"rendered":"Zinguerie &#8211; Travaux de r\u00e9novation"},"content":{"rendered":"\t\t<div data-elementor-type=\"wp-page\" data-elementor-id=\"993\" class=\"elementor elementor-993\" data-elementor-settings=\"[]\">\n\t\t\t\t\t\t<div class=\"elementor-inner\">\n\t\t\t\t\t\t\t<div class=\"elementor-section-wrap\">\n\t\t\t\t\t\t\t<section class=\"elementor-section elementor-top-section elementor-element elementor-element-185e1488 elementor-section-full_width elementor-section-height-default elementor-section-height-default\" data-id=\"185e1488\" data-element_type=\"section\">\n\t\t\t\t\t\t<div class=\"elementor-container elementor-column-gap-default\">\n\t\t\t\t\t\t\t<div class=\"elementor-row\">\n\t\t\t\t\t<div class=\"elementor-column elementor-col-50 elementor-top-column elementor-element elementor-element-3c6011a3\" data-id=\"3c6011a3\" data-element_type=\"column\" data-settings=\"{&quot;background_background&quot;:&quot;classic&quot;}\">\n\t\t\t<div class=\"elementor-column-wrap\">\n\t\t\t\t\t\t\t<div class=\"elementor-widget-wrap\">\n\t\t\t\t\t\t\t\t<\/div>\n\t\t\t\t\t<\/div>\n\t\t<\/div>\n\t\t\t\t<div class=\"elementor-column elementor-col-50 elementor-top-column elementor-element elementor-element-3d05e19d\" data-id=\"3d05e19d\" data-element_type=\"column\">\n\t\t\t<div class=\"elementor-column-wrap elementor-element-populated\">\n\t\t\t\t\t\t\t<div class=\"elementor-widget-wrap\">\n\t\t\t\t\t\t<div class=\"elementor-element elementor-element-1e2f19b4 elementor-widget elementor-widget-heading bdevs-el heading\" data-id=\"1e2f19b4\" data-element_type=\"widget\" data-settings=\"{&quot;design_style&quot;:&quot;style_1&quot;}\" data-widget_type=\"heading.default\">\n\t\t\t\t<div class=\"elementor-widget-container\">\n\t\t\t\r\n        \r\n        <div class=\"title_style1 position-relative\">\r\n                \r\n                <h2 class=\"section-title shape\">Zinguerie et<br>Travaux de r\u00e9novation<span>.<\/span><\/h2>                \r\n                \r\n                        <\/div>\r\n        \r\n        \r\n        \t\t<\/div>\n\t\t\t\t<\/div>\n\t\t\t\t<div class=\"elementor-element elementor-element-788ed209 elementor-widget elementor-widget-text-editor\" data-id=\"788ed209\" data-element_type=\"widget\" data-widget_type=\"text-editor.default\">\n\t\t\t\t<div class=\"elementor-widget-container\">\n\t\t\t\t\t<div class=\"elementor-text-editor elementor-clearfix\"><p><span class=\"TextRun SCXW238517646 BCX9\" lang=\"FR-FR\" xml:lang=\"FR-FR\" data-contrast=\"auto\"><span class=\"NormalTextRun SCXW238517646 BCX9\">Avec plus de 50 ans d\u2019exp\u00e9rience dans la r\u00e9novation et dans la construction de vos biens immobiliers, nous r\u00e9pondons \u00e9galement \u00e0 vos besoins en zinguerie comprenant la mise en place de\u00a0<\/span><\/span><span class=\"TextRun SCXW238517646 BCX9\" lang=\"FR-FR\" xml:lang=\"FR-FR\" data-contrast=\"auto\"><span class=\"NormalTextRun SpellingErrorV2 SCXW238517646 BCX9\">couvertine<\/span><\/span><span class=\"TextRun SCXW238517646 BCX9\" lang=\"FR-FR\" xml:lang=\"FR-FR\" data-contrast=\"auto\"><span class=\"NormalTextRun SCXW238517646 BCX9\">, de bandeaux et de goutti\u00e8re pour faciliter l\u2019\u00e9vacuation des eaux de votre toit.<\/span><\/span><span class=\"EOP SCXW238517646 BCX9\" data-ccp-props=\"{}\">\u00a0<\/span><\/p><\/div>\n\t\t\t\t<\/div>\n\t\t\t\t<\/div>\n\t\t\t\t\t\t<\/div>\n\t\t\t\t\t<\/div>\n\t\t<\/div>\n\t\t\t\t\t\t\t\t<\/div>\n\t\t\t\t\t<\/div>\n\t\t<\/section>\n\t\t\t\t<section class=\"elementor-section elementor-top-section elementor-element elementor-element-f7e428e elementor-section-full_width elementor-section-height-default elementor-section-height-default\" data-id=\"f7e428e\" data-element_type=\"section\">\n\t\t\t\t\t\t<div class=\"elementor-container elementor-column-gap-default\">\n\t\t\t\t\t\t\t<div class=\"elementor-row\">\n\t\t\t\t\t<div class=\"elementor-column elementor-col-50 elementor-top-column elementor-element elementor-element-9732942\" data-id=\"9732942\" data-element_type=\"column\">\n\t\t\t<div class=\"elementor-column-wrap elementor-element-populated\">\n\t\t\t\t\t\t\t<div class=\"elementor-widget-wrap\">\n\t\t\t\t\t\t<div class=\"elementor-element elementor-element-55cfdd6 elementor-widget elementor-widget-heading bdevs-el heading\" data-id=\"55cfdd6\" data-element_type=\"widget\" data-settings=\"{&quot;design_style&quot;:&quot;style_1&quot;}\" data-widget_type=\"heading.default\">\n\t\t\t\t<div class=\"elementor-widget-container\">\n\t\t\t\r\n        \r\n        <div class=\"title_style1 position-relative\">\r\n                \r\n                <h2 class=\"section-title shape\">50 ans d'exp\u00e9rience<span>.<\/span><\/h2>                \r\n                \r\n                        <\/div>\r\n        \r\n        \r\n        \t\t<\/div>\n\t\t\t\t<\/div>\n\t\t\t\t<div class=\"elementor-element elementor-element-1eb31db elementor-widget elementor-widget-text-editor\" data-id=\"1eb31db\" data-element_type=\"widget\" data-widget_type=\"text-editor.default\">\n\t\t\t\t<div class=\"elementor-widget-container\">\n\t\t\t\t\t<div class=\"elementor-text-editor elementor-clearfix\"><p><span data-contrast=\"auto\">Nos \u00e9quipes qui s\u2019occupent de poser sont form\u00e9s aux m\u00e9thodes traditionnelles de notre m\u00e9tier mais \u00e9galement aux derni\u00e8res lois en vigueur pour vous garantir une qualit\u00e9 optimale et un service irr\u00e9prochable.\u00a0<\/span><span data-ccp-props=\"{}\">\u00a0<\/span><\/p><p><span data-contrast=\"auto\">Avec une simulation de vos travaux et un chiffrage pr\u00e9cis de votre investissement, vous pourrez prendre votre d\u00e9cision et nous faire confiance comme l\u2019ont fait de nombreux clients \u00e0 nous depuis 1965.<\/span><span data-ccp-props=\"{}\">\u00a0<\/span><\/p><p><span data-contrast=\"auto\">Notre garantie d\u00e9cennale vous offre \u00e9galement une s\u00e9curit\u00e9 suppl\u00e9mentaire.<\/span>\u00a0<br \/><span data-contrast=\"auto\">Demandez d\u00e8s \u00e0 pr\u00e9sent votre devis gratuit au sein de notre service commercial en nous contactant par t\u00e9l\u00e9phone au 04 75 54 52 75 ou par email \u00e0\u00a0<\/span><a href=\"mailto:contact@ets-rosati.fr\"><span data-contrast=\"none\">contact@ets-rosati.fr<\/span><\/a><span data-contrast=\"auto\">.<\/span><span data-ccp-props=\"{}\">\u00a0<\/span><\/p><\/div>\n\t\t\t\t<\/div>\n\t\t\t\t<\/div>\n\t\t\t\t\t\t<\/div>\n\t\t\t\t\t<\/div>\n\t\t<\/div>\n\t\t\t\t<div class=\"elementor-column elementor-col-50 elementor-top-column elementor-element elementor-element-7598614\" data-id=\"7598614\" data-element_type=\"column\" data-settings=\"{&quot;background_background&quot;:&quot;classic&quot;}\">\n\t\t\t<div class=\"elementor-column-wrap\">\n\t\t\t\t\t\t\t<div class=\"elementor-widget-wrap\">\n\t\t\t\t\t\t\t\t<\/div>\n\t\t\t\t\t<\/div>\n\t\t<\/div>\n\t\t\t\t\t\t\t\t<\/div>\n\t\t\t\t\t<\/div>\n\t\t<\/section>\n\t\t\t\t<section class=\"elementor-section elementor-top-section elementor-element elementor-element-ab00f02 elementor-section-boxed elementor-section-height-default elementor-section-height-default\" data-id=\"ab00f02\" data-element_type=\"section\" data-settings=\"{&quot;background_background&quot;:&quot;classic&quot;}\">\n\t\t\t\t\t\t<div class=\"elementor-container elementor-column-gap-default\">\n\t\t\t\t\t\t\t<div class=\"elementor-row\">\n\t\t\t\t\t<div class=\"elementor-column elementor-col-100 elementor-top-column elementor-element elementor-element-c770b39\" data-id=\"c770b39\" data-element_type=\"column\">\n\t\t\t<div class=\"elementor-column-wrap elementor-element-populated\">\n\t\t\t\t\t\t\t<div class=\"elementor-widget-wrap\">\n\t\t\t\t\t\t<div class=\"elementor-element elementor-element-534bbbc elementor-widget elementor-widget-heading bdevs-el heading\" data-id=\"534bbbc\" data-element_type=\"widget\" data-settings=\"{&quot;design_style&quot;:&quot;style_1&quot;}\" data-widget_type=\"heading.default\">\n\t\t\t\t<div class=\"elementor-widget-container\">\n\t\t\t\r\n        \r\n        <div class=\"title_style1 position-relative\">\r\n                \r\n                <h2 class=\"section-title shape\">Prenons rendez-vous<span>.<\/span><\/h2>                \r\n                \r\n                        <\/div>\r\n        \r\n        \r\n        \t\t<\/div>\n\t\t\t\t<\/div>\n\t\t\t\t<div class=\"elementor-element elementor-element-b146c63 elementor-widget elementor-widget-text-editor\" data-id=\"b146c63\" data-element_type=\"widget\" data-widget_type=\"text-editor.default\">\n\t\t\t\t<div class=\"elementor-widget-container\">\n\t\t\t\t\t<div class=\"elementor-text-editor elementor-clearfix\"><p><span lang=\"FR-FR\" style=\"font-size: 12pt; user-select: text; -webkit-user-drag: none; -webkit-tap-highlight-color: transparent; color: rgba(0, 0, 0, 0.847); font-family: Calibri, Calibri_EmbeddedFont, Calibri_MSFontService, sans-serif; line-height: 19.425px; font-variant-ligatures: none !important;\" xml:lang=\"FR-FR\" data-contrast=\"auto\"><span style=\"user-select: text; -webkit-user-drag: none; -webkit-tap-highlight-color: transparent; background-color: inherit;\">Apr\u00e8s avoir pris connaissance de votre besoin, nous viendrons jusqu\u2019\u00e0 vous pour analyser et observer le bien concern\u00e9 afin de pr\u00e9parer au mieux vos futurs travaux.\u00a0<\/span><\/span><span style=\"font-size: 12pt; user-select: text; -webkit-user-drag: none; -webkit-tap-highlight-color: transparent; color: rgba(0, 0, 0, 0.847); line-height: 19.425px; font-family: Calibri, Calibri_EmbeddedFont, Calibri_MSFontService, sans-serif;\" data-ccp-props=\"{}\">\u00a0Demandez maintenant votre<\/span>\u00a0devis personnalis\u00e9 en nous contactant au 04 75 54 52 75 ou par email \u00e0\u00a0<a href=\"mailto:contact@ets-rosati.fr\" target=\"_blank\" rel=\"noreferrer noopener\"><span lang=\"FR-FR\" xml:lang=\"FR-FR\" data-contrast=\"none\">contact@ets-rosati.fr<\/span><\/a>\u00a0<\/p><\/div>\n\t\t\t\t<\/div>\n\t\t\t\t<\/div>\n\t\t\t\t<section class=\"elementor-section elementor-inner-section elementor-element elementor-element-72a866e elementor-section-boxed elementor-section-height-default elementor-section-height-default\" data-id=\"72a866e\" data-element_type=\"section\">\n\t\t\t\t\t\t<div class=\"elementor-container elementor-column-gap-default\">\n\t\t\t\t\t\t\t<div class=\"elementor-row\">\n\t\t\t\t\t<div class=\"elementor-column elementor-col-50 elementor-inner-column elementor-element elementor-element-4c1950d\" data-id=\"4c1950d\" data-element_type=\"column\">\n\t\t\t<div class=\"elementor-column-wrap elementor-element-populated\">\n\t\t\t\t\t\t\t<div class=\"elementor-widget-wrap\">\n\t\t\t\t\t\t<div class=\"elementor-element elementor-element-926e2a0 elementor-widget elementor-widget-cf7 bdevs-el cf7\" data-id=\"926e2a0\" data-element_type=\"widget\" data-settings=\"{&quot;design_style&quot;:&quot;style_1&quot;}\" data-widget_type=\"cf7.default\">\n\t\t\t\t<div class=\"elementor-widget-container\">\n\t\t\t        \r\n        <div class=\"contact_page1\">\r\n            <div class=\"counter1__wrapper position-relative\">\r\n                <div class=\"container\">\r\n                    <div class=\"row\">\r\n                        <div class=\"col-lg-12\">\r\n                            <div class=\"contact_page1__form\">\r\n                                <div role=\"form\" class=\"wpcf7\" id=\"wpcf7-f681-o1\" lang=\"en-US\" dir=\"ltr\">\n<div class=\"screen-reader-response\"><p role=\"status\" aria-live=\"polite\" aria-atomic=\"true\"><\/p> <ul><\/ul><\/div>\n<form action=\"\/rosati\/wp-json\/wp\/v2\/pages\/993#wpcf7-f681-o1\" method=\"post\" class=\"wpcf7-form init bdevs-cf7-form\" novalidate=\"novalidate\" data-status=\"init\">\n<div style=\"display: none;\">\n<input type=\"hidden\" name=\"_wpcf7\" value=\"681\" \/>\n<input type=\"hidden\" name=\"_wpcf7_version\" value=\"5.3\" \/>\n<input type=\"hidden\" name=\"_wpcf7_locale\" value=\"en_US\" \/>\n<input type=\"hidden\" name=\"_wpcf7_unit_tag\" value=\"wpcf7-f681-o1\" \/>\n<input type=\"hidden\" name=\"_wpcf7_container_post\" value=\"0\" \/>\n<input type=\"hidden\" name=\"_wpcf7_posted_data_hash\" value=\"\" \/>\n<\/div>\n<div class=\"row mb-30\">\n<div class=\"col-xl-6\">\n<div class=\"contact_page1__item\"><span class=\"wpcf7-form-control-wrap text-190\"><input type=\"text\" name=\"text-190\" value=\"\" size=\"40\" class=\"wpcf7-form-control wpcf7-text form-control\" aria-invalid=\"false\" placeholder=\"Entrer votre nom\" \/><\/span><i class=\"far fa-user\"><\/i><\/div>\n<\/div>\n<div class=\"col-xl-6\">\n<div class=\"contact_page1__item\"><span class=\"wpcf7-form-control-wrap y-email\"><input type=\"email\" name=\"y-email\" value=\"\" size=\"40\" class=\"wpcf7-form-control wpcf7-text wpcf7-email wpcf7-validates-as-email form-control\" aria-invalid=\"false\" placeholder=\"Entrer vos coordonn\u00e9es\" \/><\/span><i class=\"far fa-envelope\"><\/i><\/div>\n<\/div>\n<div class=\"col-xl-12 text-center\">\n<div class=\"contact_page1__item contact_page1__textarea\"><span class=\"wpcf7-form-control-wrap y-message\"><textarea name=\"y-message\" cols=\"40\" rows=\"10\" class=\"wpcf7-form-control wpcf7-textarea form-control\" aria-invalid=\"false\" placeholder=\"Entrer votre demande\"><\/textarea><\/span><i class=\"far fa-edit\"><\/i><\/div>\n<p><input type=\"submit\" value=\"Envoyer\" class=\"wpcf7-form-control wpcf7-submit site__btn1\" \/><\/p><\/div>\n<\/div>\n<div class=\"wpcf7-response-output\" aria-hidden=\"true\"><\/div><\/form><\/div> \r\n                            <\/div>\r\n                        <\/div>\r\n                    <\/div>\r\n                <\/div>\r\n            <\/div>\r\n        <\/div>\r\n\r\n          \r\n\r\n            \r\n\r\n        \t\t<\/div>\n\t\t\t\t<\/div>\n\t\t\t\t\t\t<\/div>\n\t\t\t\t\t<\/div>\n\t\t<\/div>\n\t\t\t\t<div class=\"elementor-column elementor-col-50 elementor-inner-column elementor-element elementor-element-db3725c\" data-id=\"db3725c\" data-element_type=\"column\" data-settings=\"{&quot;background_background&quot;:&quot;classic&quot;}\">\n\t\t\t<div class=\"elementor-column-wrap\">\n\t\t\t\t\t\t\t<div class=\"elementor-widget-wrap\">\n\t\t\t\t\t\t\t\t<\/div>\n\t\t\t\t\t<\/div>\n\t\t<\/div>\n\t\t\t\t\t\t\t\t<\/div>\n\t\t\t\t\t<\/div>\n\t\t<\/section>\n\t\t\t\t\t\t<\/div>\n\t\t\t\t\t<\/div>\n\t\t<\/div>\n\t\t\t\t\t\t\t\t<\/div>\n\t\t\t\t\t<\/div>\n\t\t<\/section>\n\t\t\t\t<section class=\"elementor-section elementor-top-section elementor-element elementor-element-a0fd45a elementor-section-boxed elementor-section-height-default elementor-section-height-default\" data-id=\"a0fd45a\" data-element_type=\"section\">\n\t\t\t\t\t\t<div class=\"elementor-container elementor-column-gap-default\">\n\t\t\t\t\t\t\t<div class=\"elementor-row\">\n\t\t\t\t\t<div class=\"elementor-column elementor-col-100 elementor-top-column elementor-element elementor-element-eb86d83\" data-id=\"eb86d83\" data-element_type=\"column\">\n\t\t\t<div class=\"elementor-column-wrap elementor-element-populated\">\n\t\t\t\t\t\t\t<div class=\"elementor-widget-wrap\">\n\t\t\t\t\t\t<div class=\"elementor-element elementor-element-e34e935 elementor-widget elementor-widget-gallery\" data-id=\"e34e935\" data-element_type=\"widget\" data-settings=\"{&quot;gap&quot;:{&quot;unit&quot;:&quot;px&quot;,&quot;size&quot;:4,&quot;sizes&quot;:[]},&quot;aspect_ratio&quot;:&quot;1:1&quot;,&quot;lazyload&quot;:&quot;yes&quot;,&quot;gallery_layout&quot;:&quot;grid&quot;,&quot;columns&quot;:4,&quot;columns_tablet&quot;:2,&quot;columns_mobile&quot;:1,&quot;gap_tablet&quot;:{&quot;unit&quot;:&quot;px&quot;,&quot;size&quot;:10,&quot;sizes&quot;:[]},&quot;gap_mobile&quot;:{&quot;unit&quot;:&quot;px&quot;,&quot;size&quot;:10,&quot;sizes&quot;:[]},&quot;overlay_background&quot;:&quot;yes&quot;,&quot;content_hover_animation&quot;:&quot;fade-in&quot;}\" data-widget_type=\"gallery.default\">\n\t\t\t\t<div class=\"elementor-widget-container\">\n\t\t\t\t\t<div class=\"elementor-gallery__container\">\n\t\t\t\t\t\t\t<div class=\"e-gallery-item elementor-gallery-item elementor-animated-content\">\n\t\t\t\t\t<div class=\"e-gallery-image elementor-gallery-item__image\" data-thumbnail=\"http:\/\/jlcommunication.ovh\/rosati\/wp-content\/uploads\/2020\/11\/121779119_1054185125024166_1735963716883588830_o.jpg\" data-width=\"2048\" data-height=\"2048\" alt=\"\" ><\/div>\n\t\t\t\t\t\t\t\t\t\t<div class=\"elementor-gallery-item__overlay\"><\/div>\n\t\t\t\t\t\t\t\t\t\t\t\t\t\t<\/div>\n\t\t\t\t\t\t\t<div class=\"e-gallery-item elementor-gallery-item elementor-animated-content\">\n\t\t\t\t\t<div class=\"e-gallery-image elementor-gallery-item__image\" data-thumbnail=\"http:\/\/jlcommunication.ovh\/rosati\/wp-content\/uploads\/2020\/11\/121626019_1054184998357512_2993981745288938004_o.jpg\" data-width=\"980\" data-height=\"2016\" alt=\"\" ><\/div>\n\t\t\t\t\t\t\t\t\t\t<div class=\"elementor-gallery-item__overlay\"><\/div>\n\t\t\t\t\t\t\t\t\t\t\t\t\t\t<\/div>\n\t\t\t\t\t\t\t<div class=\"e-gallery-item elementor-gallery-item elementor-animated-content\">\n\t\t\t\t\t<div class=\"e-gallery-image elementor-gallery-item__image\" data-thumbnail=\"http:\/\/jlcommunication.ovh\/rosati\/wp-content\/uploads\/2020\/11\/121829093_1054184918357520_6340470148972825550_o.jpg\" data-width=\"714\" data-height=\"1469\" alt=\"\" ><\/div>\n\t\t\t\t\t\t\t\t\t\t<div class=\"elementor-gallery-item__overlay\"><\/div>\n\t\t\t\t\t\t\t\t\t\t\t\t\t\t<\/div>\n\t\t\t\t\t\t\t<div class=\"e-gallery-item elementor-gallery-item elementor-animated-content\">\n\t\t\t\t\t<div class=\"e-gallery-image elementor-gallery-item__image\" data-thumbnail=\"http:\/\/jlcommunication.ovh\/rosati\/wp-content\/uploads\/2020\/11\/122000674_1054184888357523_7444239979062514601_o.jpg\" data-width=\"714\" data-height=\"1469\" alt=\"\" ><\/div>\n\t\t\t\t\t\t\t\t\t\t<div class=\"elementor-gallery-item__overlay\"><\/div>\n\t\t\t\t\t\t\t\t\t\t\t\t\t\t<\/div>\n\t\t\t\t\t<\/div>\n\t\t\t<\/div>\n\t\t\t\t<\/div>\n\t\t\t\t\t\t<\/div>\n\t\t\t\t\t<\/div>\n\t\t<\/div>\n\t\t\t\t\t\t\t\t<\/div>\n\t\t\t\t\t<\/div>\n\t\t<\/section>\n\t\t\t\t\t\t<\/div>\n\t\t\t\t\t\t<\/div>\n\t\t\t\t\t<\/div>\n\t\t","protected":false},"excerpt":{"rendered":"<p>Zinguerie etTravaux de r\u00e9novation. Avec plus de 50 ans d\u2019exp\u00e9rience dans la r\u00e9novation et dans la construction de vos biens immobiliers, nous r\u00e9pondons \u00e9galement \u00e0 vos besoins en zinguerie comprenant la mise en place de\u00a0couvertine, de bandeaux et de goutti\u00e8re pour faciliter l\u2019\u00e9vacuation des eaux de votre toit.\u00a0 50 ans d&rsquo;exp\u00e9rience. Nos \u00e9quipes qui s\u2019occupent [&hellip;]<\/p>\n","protected":false},"author":1,"featured_media":0,"parent":0,"menu_order":0,"comment_status":"closed","ping_status":"closed","template":"elementor_header_footer","meta":[],"_links":{"self":[{"href":"http:\/\/jlcommunication.ovh\/rosati\/wp-json\/wp\/v2\/pages\/993"}],"collection":[{"href":"http:\/\/jlcommunication.ovh\/rosati\/wp-json\/wp\/v2\/pages"}],"about":[{"href":"http:\/\/jlcommunication.ovh\/rosati\/wp-json\/wp\/v2\/types\/page"}],"author":[{"embeddable":true,"href":"http:\/\/jlcommunication.ovh\/rosati\/wp-json\/wp\/v2\/users\/1"}],"replies":[{"embeddable":true,"href":"http:\/\/jlcommunication.ovh\/rosati\/wp-json\/wp\/v2\/comments?post=993"}],"version-history":[{"count":4,"href":"http:\/\/jlcommunication.ovh\/rosati\/wp-json\/wp\/v2\/pages\/993\/revisions"}],"predecessor-version":[{"id":1004,"href":"http:\/\/jlcommunication.ovh\/rosati\/wp-json\/wp\/v2\/pages\/993\/revisions\/1004"}],"wp:attachment":[{"href":"http:\/\/jlcommunication.ovh\/rosati\/wp-json\/wp\/v2\/media?parent=993"}],"curies":[{"name":"wp","href":"https:\/\/api.w.org\/{rel}","templated":true}]}}